{"id":19270,"date":"2024-03-22T16:03:35","date_gmt":"2024-03-22T10:33:35","guid":{"rendered":"https:\/\/srilankatravelpages.com\/?page_id=19270"},"modified":"2024-02-11T04:43:16","modified_gmt":"2024-02-10T23:13:16","slug":"mahiyanganaya","status":"publish","type":"page","link":"https:\/\/srilankatravelpages.com\/de\/mahiyanganaya\/","title":{"rendered":"Mahiyanganaya"},"content":{"rendered":"","protected":false},"excerpt":{"rendered":"","protected":false},"author":1,"featured_media":19271,"parent":0,"menu_order":0,"comment_status":"closed","ping_status":"closed","template":"","meta":{"_acf_changed":false,"footnotes":""},"class_list":["post-19270","page","type-page","status-publish","has-post-thumbnail","hentry"],"acf":[],"yoast_head":"<!-- This site is optimized with the Yoast SEO Premium plugin v26.9 (Yoast SEO v26.9) - https:\/\/yoast.com\/product\/yoast-seo-premium-wordpress\/ -->\n<title>Mahiyanganaya<\/title>\n<meta name=\"description\" content=\"Explore Mahiyanganaya, the sacred city where Gautama Buddha&#039;s first visit to Sri Lanka left an indelible mark of peace and spirituality, nestled in the heart of the Uva Province.\" \/>\n<meta name=\"robots\" content=\"index, follow, max-snippet:-1, max-image-preview:large, max-video-preview:-1\" \/>\n<link rel=\"canonical\" href=\"https:\/\/srilankatravelpages.com\/de\/mahiyanganaya\/\" \/>\n<meta property=\"og:locale\" content=\"de_DE\" \/>\n<meta property=\"og:type\" content=\"article\" \/>\n<meta property=\"og:title\" content=\"Mahiyanganaya\" \/>\n<meta property=\"og:description\" content=\"Explore Mahiyanganaya, the sacred city where Gautama Buddha&#039;s first visit to Sri Lanka left an indelible mark of peace and spirituality, nestled in the heart of the Uva Province.\" \/>\n<meta property=\"og:url\" content=\"https:\/\/srilankatravelpages.com\/de\/mahiyanganaya\/\" \/>\n<meta property=\"og:site_name\" content=\"Top Rated Tourist Attraction Places in Sri Lanka | Sri Lanka Travel Pages\" \/>\n<meta property=\"og:image\" content=\"https:\/\/srilankatravelpages.com\/wp-content\/uploads\/2024\/02\/Mahiyanganaya.jpg\" \/>\n\t<meta property=\"og:image:width\" content=\"1280\" \/>\n\t<meta property=\"og:image:height\" content=\"720\" \/>\n\t<meta property=\"og:image:type\" content=\"image\/jpeg\" \/>\n<meta name=\"twitter:card\" content=\"summary_large_image\" \/>\n<meta name=\"twitter:label1\" content=\"Gesch\u00e4tzte Lesezeit\" \/>\n\t<meta name=\"twitter:data1\" content=\"7\u00a0Minuten\" \/>\n<script type=\"application\/ld+json\" class=\"yoast-schema-graph\">{\"@context\":\"https:\/\/schema.org\",\"@graph\":[{\"@type\":\"WebPage\",\"@id\":\"https:\/\/srilankatravelpages.com\/mahiyanganaya\/\",\"url\":\"https:\/\/srilankatravelpages.com\/mahiyanganaya\/\",\"name\":\"Mahiyanganaya\",\"isPartOf\":{\"@id\":\"https:\/\/srilankatravelpages.com\/ja\/#website\"},\"primaryImageOfPage\":{\"@id\":\"https:\/\/srilankatravelpages.com\/mahiyanganaya\/#primaryimage\"},\"image\":{\"@id\":\"https:\/\/srilankatravelpages.com\/mahiyanganaya\/#primaryimage\"},\"thumbnailUrl\":\"https:\/\/srilankatravelpages.com\/wp-content\/uploads\/2024\/02\/Mahiyanganaya.jpg\",\"datePublished\":\"2024-03-22T10:33:35+00:00\",\"description\":\"Explore Mahiyanganaya, the sacred city where Gautama Buddha's first visit to Sri Lanka left an indelible mark of peace and spirituality, nestled in the heart of the Uva Province.\",\"breadcrumb\":{\"@id\":\"https:\/\/srilankatravelpages.com\/mahiyanganaya\/#breadcrumb\"},\"inLanguage\":\"de\",\"potentialAction\":[{\"@type\":\"ReadAction\",\"target\":[\"https:\/\/srilankatravelpages.com\/mahiyanganaya\/\"]}]},{\"@type\":\"ImageObject\",\"inLanguage\":\"de\",\"@id\":\"https:\/\/srilankatravelpages.com\/mahiyanganaya\/#primaryimage\",\"url\":\"https:\/\/srilankatravelpages.com\/wp-content\/uploads\/2024\/02\/Mahiyanganaya.jpg\",\"contentUrl\":\"https:\/\/srilankatravelpages.com\/wp-content\/uploads\/2024\/02\/Mahiyanganaya.jpg\",\"width\":1280,\"height\":720,\"caption\":\"Mahiyanganaya\"},{\"@type\":\"BreadcrumbList\",\"@id\":\"https:\/\/srilankatravelpages.com\/mahiyanganaya\/#breadcrumb\",\"itemListElement\":[{\"@type\":\"ListItem\",\"position\":1,\"name\":\"Home\",\"item\":\"https:\/\/srilankatravelpages.com\/ja\/\"},{\"@type\":\"ListItem\",\"position\":2,\"name\":\"Mahiyanganaya\"}]},{\"@type\":\"WebSite\",\"@id\":\"https:\/\/srilankatravelpages.com\/ja\/#website\",\"url\":\"https:\/\/srilankatravelpages.com\/ja\/\",\"name\":\"Top Rated Tourist Attraction Places in Sri Lanka | Sri Lanka Travel Pages\",\"description\":\"Top Rated Tourist Attraction Places in Sri Lanka\",\"potentialAction\":[{\"@type\":\"SearchAction\",\"target\":{\"@type\":\"EntryPoint\",\"urlTemplate\":\"https:\/\/srilankatravelpages.com\/ja\/?s={search_term_string}\"},\"query-input\":{\"@type\":\"PropertyValueSpecification\",\"valueRequired\":true,\"valueName\":\"search_term_string\"}}],\"inLanguage\":\"de\"}]}<\/script>\n<!-- \/ Yoast SEO Premium plugin. -->","yoast_head_json":{"title":"Mahiyanganaya","description":"Erkunden Sie Mahiyanganaya, die heilige Stadt, in der Gautama Buddha bei seinem ersten Besuch in Sri Lanka einen unausl\u00f6schlichen Eindruck von Frieden und Spiritualit\u00e4t hinterlie\u00df, eingebettet im Herzen der Provinz Uva.","robots":{"index":"index","follow":"follow","max-snippet":"max-snippet:-1","max-image-preview":"max-image-preview:large","max-video-preview":"max-video-preview:-1"},"canonical":"https:\/\/srilankatravelpages.com\/de\/mahiyanganaya\/","og_locale":"de_DE","og_type":"article","og_title":"Mahiyanganaya","og_description":"Explore Mahiyanganaya, the sacred city where Gautama Buddha's first visit to Sri Lanka left an indelible mark of peace and spirituality, nestled in the heart of the Uva Province.","og_url":"https:\/\/srilankatravelpages.com\/de\/mahiyanganaya\/","og_site_name":"Top Rated Tourist Attraction Places in Sri Lanka | Sri Lanka Travel Pages","og_image":[{"width":1280,"height":720,"url":"https:\/\/srilankatravelpages.com\/wp-content\/uploads\/2024\/02\/Mahiyanganaya.jpg","type":"image\/jpeg"}],"twitter_card":"summary_large_image","twitter_misc":{"Gesch\u00e4tzte Lesezeit":"7\u00a0Minuten"},"schema":{"@context":"https:\/\/schema.org","@graph":[{"@type":"WebPage","@id":"https:\/\/srilankatravelpages.com\/mahiyanganaya\/","url":"https:\/\/srilankatravelpages.com\/mahiyanganaya\/","name":"Mahiyanganaya","isPartOf":{"@id":"https:\/\/srilankatravelpages.com\/ja\/#website"},"primaryImageOfPage":{"@id":"https:\/\/srilankatravelpages.com\/mahiyanganaya\/#primaryimage"},"image":{"@id":"https:\/\/srilankatravelpages.com\/mahiyanganaya\/#primaryimage"},"thumbnailUrl":"https:\/\/srilankatravelpages.com\/wp-content\/uploads\/2024\/02\/Mahiyanganaya.jpg","datePublished":"2024-03-22T10:33:35+00:00","description":"Erkunden Sie Mahiyanganaya, die heilige Stadt, in der Gautama Buddha bei seinem ersten Besuch in Sri Lanka einen unausl\u00f6schlichen Eindruck von Frieden und Spiritualit\u00e4t hinterlie\u00df, eingebettet im Herzen der Provinz Uva.","breadcrumb":{"@id":"https:\/\/srilankatravelpages.com\/mahiyanganaya\/#breadcrumb"},"inLanguage":"de","potentialAction":[{"@type":"ReadAction","target":["https:\/\/srilankatravelpages.com\/mahiyanganaya\/"]}]},{"@type":"ImageObject","inLanguage":"de","@id":"https:\/\/srilankatravelpages.com\/mahiyanganaya\/#primaryimage","url":"https:\/\/srilankatravelpages.com\/wp-content\/uploads\/2024\/02\/Mahiyanganaya.jpg","contentUrl":"https:\/\/srilankatravelpages.com\/wp-content\/uploads\/2024\/02\/Mahiyanganaya.jpg","width":1280,"height":720,"caption":"Mahiyanganaya"},{"@type":"BreadcrumbList","@id":"https:\/\/srilankatravelpages.com\/mahiyanganaya\/#breadcrumb","itemListElement":[{"@type":"ListItem","position":1,"name":"Home","item":"https:\/\/srilankatravelpages.com\/ja\/"},{"@type":"ListItem","position":2,"name":"Mahiyanganaya"}]},{"@type":"WebSite","@id":"https:\/\/srilankatravelpages.com\/ja\/#website","url":"https:\/\/srilankatravelpages.com\/ja\/","name":"Die beliebtesten Sehensw\u00fcrdigkeiten in Sri Lanka | Sri Lanka Reiseseiten","description":"Die beliebtesten Touristenattraktionen in Sri Lanka","potentialAction":[{"@type":"SearchAction","target":{"@type":"EntryPoint","urlTemplate":"https:\/\/srilankatravelpages.com\/ja\/?s={search_term_string}"},"query-input":{"@type":"PropertyValueSpecification","valueRequired":true,"valueName":"search_term_string"}}],"inLanguage":"de"}]}},"_links":{"self":[{"href":"https:\/\/srilankatravelpages.com\/de\/wp-json\/wp\/v2\/pages\/19270","targetHints":{"allow":["GET"]}}],"collection":[{"href":"https:\/\/srilankatravelpages.com\/de\/wp-json\/wp\/v2\/pages"}],"about":[{"href":"https:\/\/srilankatravelpages.com\/de\/wp-json\/wp\/v2\/types\/page"}],"author":[{"embeddable":true,"href":"https:\/\/srilankatravelpages.com\/de\/wp-json\/wp\/v2\/users\/1"}],"replies":[{"embeddable":true,"href":"https:\/\/srilankatravelpages.com\/de\/wp-json\/wp\/v2\/comments?post=19270"}],"version-history":[{"count":0,"href":"https:\/\/srilankatravelpages.com\/de\/wp-json\/wp\/v2\/pages\/19270\/revisions"}],"wp:featuredmedia":[{"embeddable":true,"href":"https:\/\/srilankatravelpages.com\/de\/wp-json\/wp\/v2\/media\/19271"}],"wp:attachment":[{"href":"https:\/\/srilankatravelpages.com\/de\/wp-json\/wp\/v2\/media?parent=19270"}],"curies":[{"name":"wp","href":"https:\/\/api.w.org\/{rel}","templated":true}]}}