{"id":19356,"date":"2024-03-22T15:43:49","date_gmt":"2024-03-22T10:13:49","guid":{"rendered":"https:\/\/srilankatravelpages.com\/?page_id=19356"},"modified":"2024-02-11T10:55:24","modified_gmt":"2024-02-11T05:25:24","slug":"meegahakivula","status":"publish","type":"page","link":"https:\/\/srilankatravelpages.com\/de\/meegahakivula\/","title":{"rendered":"Meegahakivula"},"content":{"rendered":"","protected":false},"excerpt":{"rendered":"","protected":false},"author":1,"featured_media":19351,"parent":0,"menu_order":0,"comment_status":"closed","ping_status":"closed","template":"","meta":{"_acf_changed":false,"footnotes":""},"class_list":["post-19356","page","type-page","status-publish","has-post-thumbnail","hentry"],"acf":[],"yoast_head":"<!-- This site is optimized with the Yoast SEO Premium plugin v26.9 (Yoast SEO v26.9) - https:\/\/yoast.com\/product\/yoast-seo-premium-wordpress\/ -->\n<title>Meegahakivula<\/title>\n<meta name=\"description\" content=\"Embark on a journey to Meegahakivula, an untouched paradise in Sri Lanka&#039;s Uva Province, where the essence of rural beauty and eco-tourism awaits discovery.\" \/>\n<meta name=\"robots\" content=\"index, follow, max-snippet:-1, max-image-preview:large, max-video-preview:-1\" \/>\n<link rel=\"canonical\" href=\"https:\/\/srilankatravelpages.com\/de\/meegahakivula\/\" \/>\n<meta property=\"og:locale\" content=\"de_DE\" \/>\n<meta property=\"og:type\" content=\"article\" \/>\n<meta property=\"og:title\" content=\"Meegahakivula\" \/>\n<meta property=\"og:description\" content=\"Embark on a journey to Meegahakivula, an untouched paradise in Sri Lanka&#039;s Uva Province, where the essence of rural beauty and eco-tourism awaits discovery.\" \/>\n<meta property=\"og:url\" content=\"https:\/\/srilankatravelpages.com\/de\/meegahakivula\/\" \/>\n<meta property=\"og:site_name\" content=\"Top Rated Tourist Attraction Places in Sri Lanka | Sri Lanka Travel Pages\" \/>\n<meta property=\"og:image\" content=\"https:\/\/srilankatravelpages.com\/wp-content\/uploads\/2024\/02\/Meegahakivula.jpg\" \/>\n\t<meta property=\"og:image:width\" content=\"1280\" \/>\n\t<meta property=\"og:image:height\" content=\"720\" \/>\n\t<meta property=\"og:image:type\" content=\"image\/jpeg\" \/>\n<meta name=\"twitter:card\" content=\"summary_large_image\" \/>\n<meta name=\"twitter:label1\" content=\"Gesch\u00e4tzte Lesezeit\" \/>\n\t<meta name=\"twitter:data1\" content=\"5\u00a0Minuten\" \/>\n<script type=\"application\/ld+json\" class=\"yoast-schema-graph\">{\"@context\":\"https:\/\/schema.org\",\"@graph\":[{\"@type\":\"WebPage\",\"@id\":\"https:\/\/srilankatravelpages.com\/meegahakivula\/\",\"url\":\"https:\/\/srilankatravelpages.com\/meegahakivula\/\",\"name\":\"Meegahakivula\",\"isPartOf\":{\"@id\":\"https:\/\/srilankatravelpages.com\/ja\/#website\"},\"primaryImageOfPage\":{\"@id\":\"https:\/\/srilankatravelpages.com\/meegahakivula\/#primaryimage\"},\"image\":{\"@id\":\"https:\/\/srilankatravelpages.com\/meegahakivula\/#primaryimage\"},\"thumbnailUrl\":\"https:\/\/srilankatravelpages.com\/wp-content\/uploads\/2024\/02\/Meegahakivula.jpg\",\"datePublished\":\"2024-03-22T10:13:49+00:00\",\"description\":\"Embark on a journey to Meegahakivula, an untouched paradise in Sri Lanka's Uva Province, where the essence of rural beauty and eco-tourism awaits discovery.\",\"breadcrumb\":{\"@id\":\"https:\/\/srilankatravelpages.com\/meegahakivula\/#breadcrumb\"},\"inLanguage\":\"de\",\"potentialAction\":[{\"@type\":\"ReadAction\",\"target\":[\"https:\/\/srilankatravelpages.com\/meegahakivula\/\"]}]},{\"@type\":\"ImageObject\",\"inLanguage\":\"de\",\"@id\":\"https:\/\/srilankatravelpages.com\/meegahakivula\/#primaryimage\",\"url\":\"https:\/\/srilankatravelpages.com\/wp-content\/uploads\/2024\/02\/Meegahakivula.jpg\",\"contentUrl\":\"https:\/\/srilankatravelpages.com\/wp-content\/uploads\/2024\/02\/Meegahakivula.jpg\",\"width\":1280,\"height\":720,\"caption\":\"Meegahakivula\"},{\"@type\":\"BreadcrumbList\",\"@id\":\"https:\/\/srilankatravelpages.com\/meegahakivula\/#breadcrumb\",\"itemListElement\":[{\"@type\":\"ListItem\",\"position\":1,\"name\":\"Home\",\"item\":\"https:\/\/srilankatravelpages.com\/ja\/\"},{\"@type\":\"ListItem\",\"position\":2,\"name\":\"Meegahakivula\"}]},{\"@type\":\"WebSite\",\"@id\":\"https:\/\/srilankatravelpages.com\/ja\/#website\",\"url\":\"https:\/\/srilankatravelpages.com\/ja\/\",\"name\":\"Top Rated Tourist Attraction Places in Sri Lanka | Sri Lanka Travel Pages\",\"description\":\"Top Rated Tourist Attraction Places in Sri Lanka\",\"potentialAction\":[{\"@type\":\"SearchAction\",\"target\":{\"@type\":\"EntryPoint\",\"urlTemplate\":\"https:\/\/srilankatravelpages.com\/ja\/?s={search_term_string}\"},\"query-input\":{\"@type\":\"PropertyValueSpecification\",\"valueRequired\":true,\"valueName\":\"search_term_string\"}}],\"inLanguage\":\"de\"}]}<\/script>\n<!-- \/ Yoast SEO Premium plugin. -->","yoast_head_json":{"title":"Meegahakivula","description":"Begeben Sie sich auf eine Reise nach Meegahakivula, einem unber\u00fchrten Paradies in der Provinz Uva in Sri Lanka, wo die Essenz l\u00e4ndlicher Sch\u00f6nheit und des \u00d6kotourismus darauf wartet, entdeckt zu werden.","robots":{"index":"index","follow":"follow","max-snippet":"max-snippet:-1","max-image-preview":"max-image-preview:large","max-video-preview":"max-video-preview:-1"},"canonical":"https:\/\/srilankatravelpages.com\/de\/meegahakivula\/","og_locale":"de_DE","og_type":"article","og_title":"Meegahakivula","og_description":"Embark on a journey to Meegahakivula, an untouched paradise in Sri Lanka's Uva Province, where the essence of rural beauty and eco-tourism awaits discovery.","og_url":"https:\/\/srilankatravelpages.com\/de\/meegahakivula\/","og_site_name":"Top Rated Tourist Attraction Places in Sri Lanka | Sri Lanka Travel Pages","og_image":[{"width":1280,"height":720,"url":"https:\/\/srilankatravelpages.com\/wp-content\/uploads\/2024\/02\/Meegahakivula.jpg","type":"image\/jpeg"}],"twitter_card":"summary_large_image","twitter_misc":{"Gesch\u00e4tzte Lesezeit":"5\u00a0Minuten"},"schema":{"@context":"https:\/\/schema.org","@graph":[{"@type":"WebPage","@id":"https:\/\/srilankatravelpages.com\/meegahakivula\/","url":"https:\/\/srilankatravelpages.com\/meegahakivula\/","name":"Meegahakivula","isPartOf":{"@id":"https:\/\/srilankatravelpages.com\/ja\/#website"},"primaryImageOfPage":{"@id":"https:\/\/srilankatravelpages.com\/meegahakivula\/#primaryimage"},"image":{"@id":"https:\/\/srilankatravelpages.com\/meegahakivula\/#primaryimage"},"thumbnailUrl":"https:\/\/srilankatravelpages.com\/wp-content\/uploads\/2024\/02\/Meegahakivula.jpg","datePublished":"2024-03-22T10:13:49+00:00","description":"Begeben Sie sich auf eine Reise nach Meegahakivula, einem unber\u00fchrten Paradies in der Provinz Uva in Sri Lanka, wo die Essenz l\u00e4ndlicher Sch\u00f6nheit und des \u00d6kotourismus darauf wartet, entdeckt zu werden.","breadcrumb":{"@id":"https:\/\/srilankatravelpages.com\/meegahakivula\/#breadcrumb"},"inLanguage":"de","potentialAction":[{"@type":"ReadAction","target":["https:\/\/srilankatravelpages.com\/meegahakivula\/"]}]},{"@type":"ImageObject","inLanguage":"de","@id":"https:\/\/srilankatravelpages.com\/meegahakivula\/#primaryimage","url":"https:\/\/srilankatravelpages.com\/wp-content\/uploads\/2024\/02\/Meegahakivula.jpg","contentUrl":"https:\/\/srilankatravelpages.com\/wp-content\/uploads\/2024\/02\/Meegahakivula.jpg","width":1280,"height":720,"caption":"Meegahakivula"},{"@type":"BreadcrumbList","@id":"https:\/\/srilankatravelpages.com\/meegahakivula\/#breadcrumb","itemListElement":[{"@type":"ListItem","position":1,"name":"Home","item":"https:\/\/srilankatravelpages.com\/ja\/"},{"@type":"ListItem","position":2,"name":"Meegahakivula"}]},{"@type":"WebSite","@id":"https:\/\/srilankatravelpages.com\/ja\/#website","url":"https:\/\/srilankatravelpages.com\/ja\/","name":"Die beliebtesten Sehensw\u00fcrdigkeiten in Sri Lanka | Sri Lanka Reiseseiten","description":"Die beliebtesten Touristenattraktionen in Sri Lanka","potentialAction":[{"@type":"SearchAction","target":{"@type":"EntryPoint","urlTemplate":"https:\/\/srilankatravelpages.com\/ja\/?s={search_term_string}"},"query-input":{"@type":"PropertyValueSpecification","valueRequired":true,"valueName":"search_term_string"}}],"inLanguage":"de"}]}},"_links":{"self":[{"href":"https:\/\/srilankatravelpages.com\/de\/wp-json\/wp\/v2\/pages\/19356","targetHints":{"allow":["GET"]}}],"collection":[{"href":"https:\/\/srilankatravelpages.com\/de\/wp-json\/wp\/v2\/pages"}],"about":[{"href":"https:\/\/srilankatravelpages.com\/de\/wp-json\/wp\/v2\/types\/page"}],"author":[{"embeddable":true,"href":"https:\/\/srilankatravelpages.com\/de\/wp-json\/wp\/v2\/users\/1"}],"replies":[{"embeddable":true,"href":"https:\/\/srilankatravelpages.com\/de\/wp-json\/wp\/v2\/comments?post=19356"}],"version-history":[{"count":0,"href":"https:\/\/srilankatravelpages.com\/de\/wp-json\/wp\/v2\/pages\/19356\/revisions"}],"wp:featuredmedia":[{"embeddable":true,"href":"https:\/\/srilankatravelpages.com\/de\/wp-json\/wp\/v2\/media\/19351"}],"wp:attachment":[{"href":"https:\/\/srilankatravelpages.com\/de\/wp-json\/wp\/v2\/media?parent=19356"}],"curies":[{"name":"wp","href":"https:\/\/api.w.org\/{rel}","templated":true}]}}