{"id":2701,"date":"2024-03-22T16:42:48","date_gmt":"2024-03-22T11:12:48","guid":{"rendered":"https:\/\/w-master-publisher.com\/?page_id=10"},"modified":"2024-04-08T20:03:03","modified_gmt":"2024-04-08T14:33:03","slug":"erkunden","status":"publish","type":"page","link":"https:\/\/srilankatravelpages.com\/de\/erkunden\/","title":{"rendered":"Erkunden"},"content":{"rendered":"","protected":false},"excerpt":{"rendered":"","protected":false},"author":1,"featured_media":15368,"parent":0,"menu_order":0,"comment_status":"closed","ping_status":"closed","template":"","meta":{"_acf_changed":false,"footnotes":""},"class_list":["post-2701","page","type-page","status-publish","has-post-thumbnail","hentry"],"acf":[],"yoast_head":"<!-- This site is optimized with the Yoast SEO Premium plugin v26.9 (Yoast SEO v26.9) - https:\/\/yoast.com\/product\/yoast-seo-premium-wordpress\/ -->\n<title>500+Places to Visit in Sri Lanka | Top Rated Attractions in Sri Lanka<\/title>\n<meta name=\"description\" content=\"Explore 500+ Places to Visit in Sri Lanka , Top Rated Attractions in Sri Lanka , The 100+ Best Things to Do in Sri Lanka - 2023\" \/>\n<meta name=\"robots\" content=\"index, follow, max-snippet:-1, max-image-preview:large, max-video-preview:-1\" \/>\n<link rel=\"canonical\" href=\"https:\/\/srilankatravelpages.com\/de\/erkunden\/\" \/>\n<meta property=\"og:locale\" content=\"de_DE\" \/>\n<meta property=\"og:type\" content=\"article\" \/>\n<meta property=\"og:title\" content=\"Explore\" \/>\n<meta property=\"og:description\" content=\"Explore 500+ Places to Visit in Sri Lanka , Top Rated Attractions in Sri Lanka , The 100+ Best Things to Do in Sri Lanka - 2023\" \/>\n<meta property=\"og:url\" content=\"https:\/\/srilankatravelpages.com\/de\/erkunden\/\" \/>\n<meta property=\"og:site_name\" content=\"Top Rated Tourist Attraction Places in Sri Lanka | Sri Lanka Travel Pages\" \/>\n<meta property=\"article:modified_time\" content=\"2024-04-08T14:33:03+00:00\" \/>\n<meta property=\"og:image\" content=\"https:\/\/srilankatravelpages.com\/wp-content\/uploads\/2021\/09\/tp5hr9olaqjd30u6wvbmgsic8znxky72.jpg\" \/>\n\t<meta property=\"og:image:width\" content=\"1000\" \/>\n\t<meta property=\"og:image:height\" content=\"667\" \/>\n\t<meta property=\"og:image:type\" content=\"image\/jpeg\" \/>\n<meta name=\"twitter:card\" content=\"summary_large_image\" \/>\n<meta name=\"twitter:label1\" content=\"Gesch\u00e4tzte Lesezeit\" \/>\n\t<meta name=\"twitter:data1\" content=\"1\u00a0Minute\" \/>\n<script type=\"application\/ld+json\" class=\"yoast-schema-graph\">{\"@context\":\"https:\/\/schema.org\",\"@graph\":[{\"@type\":\"WebPage\",\"@id\":\"https:\/\/srilankatravelpages.com\/explore\/\",\"url\":\"https:\/\/srilankatravelpages.com\/explore\/\",\"name\":\"500+Places to Visit in Sri Lanka | Top Rated Attractions in Sri Lanka\",\"isPartOf\":{\"@id\":\"https:\/\/srilankatravelpages.com\/ja\/#website\"},\"primaryImageOfPage\":{\"@id\":\"https:\/\/srilankatravelpages.com\/explore\/#primaryimage\"},\"image\":{\"@id\":\"https:\/\/srilankatravelpages.com\/explore\/#primaryimage\"},\"thumbnailUrl\":\"https:\/\/srilankatravelpages.com\/wp-content\/uploads\/2023\/10\/Sri-Lanka-Tourism.jpg\",\"datePublished\":\"2024-03-22T11:12:48+00:00\",\"dateModified\":\"2024-04-08T14:33:03+00:00\",\"description\":\"Explore 500+ Places to Visit in Sri Lanka , Top Rated Attractions in Sri Lanka , The 100+ Best Things to Do in Sri Lanka - 2023\",\"breadcrumb\":{\"@id\":\"https:\/\/srilankatravelpages.com\/explore\/#breadcrumb\"},\"inLanguage\":\"de\",\"potentialAction\":[{\"@type\":\"ReadAction\",\"target\":[\"https:\/\/srilankatravelpages.com\/explore\/\"]}]},{\"@type\":\"ImageObject\",\"inLanguage\":\"de\",\"@id\":\"https:\/\/srilankatravelpages.com\/explore\/#primaryimage\",\"url\":\"https:\/\/srilankatravelpages.com\/wp-content\/uploads\/2023\/10\/Sri-Lanka-Tourism.jpg\",\"contentUrl\":\"https:\/\/srilankatravelpages.com\/wp-content\/uploads\/2023\/10\/Sri-Lanka-Tourism.jpg\",\"width\":1000,\"height\":562},{\"@type\":\"BreadcrumbList\",\"@id\":\"https:\/\/srilankatravelpages.com\/explore\/#breadcrumb\",\"itemListElement\":[{\"@type\":\"ListItem\",\"position\":1,\"name\":\"Home\",\"item\":\"https:\/\/srilankatravelpages.com\/ja\/\"},{\"@type\":\"ListItem\",\"position\":2,\"name\":\"Explore\"}]},{\"@type\":\"WebSite\",\"@id\":\"https:\/\/srilankatravelpages.com\/ja\/#website\",\"url\":\"https:\/\/srilankatravelpages.com\/ja\/\",\"name\":\"Top Rated Tourist Attraction Places in Sri Lanka | Sri Lanka Travel Pages\",\"description\":\"Top Rated Tourist Attraction Places in Sri Lanka\",\"potentialAction\":[{\"@type\":\"SearchAction\",\"target\":{\"@type\":\"EntryPoint\",\"urlTemplate\":\"https:\/\/srilankatravelpages.com\/ja\/?s={search_term_string}\"},\"query-input\":{\"@type\":\"PropertyValueSpecification\",\"valueRequired\":true,\"valueName\":\"search_term_string\"}}],\"inLanguage\":\"de\"}]}<\/script>\n<!-- \/ Yoast SEO Premium plugin. -->","yoast_head_json":{"title":"\u00dcber 500 Sehensw\u00fcrdigkeiten in Sri Lanka | Die beliebtesten Attraktionen in Sri Lanka","description":"Entdecken Sie \u00fcber 500 Reiseziele in Sri Lanka, die beliebtesten Attraktionen Sri Lankas und die \u00fcber 100 besten Aktivit\u00e4ten in Sri Lanka \u2013 2023","robots":{"index":"index","follow":"follow","max-snippet":"max-snippet:-1","max-image-preview":"max-image-preview:large","max-video-preview":"max-video-preview:-1"},"canonical":"https:\/\/srilankatravelpages.com\/de\/erkunden\/","og_locale":"de_DE","og_type":"article","og_title":"Explore","og_description":"Explore 500+ Places to Visit in Sri Lanka , Top Rated Attractions in Sri Lanka , The 100+ Best Things to Do in Sri Lanka - 2023","og_url":"https:\/\/srilankatravelpages.com\/de\/erkunden\/","og_site_name":"Top Rated Tourist Attraction Places in Sri Lanka | Sri Lanka Travel Pages","article_modified_time":"2024-04-08T14:33:03+00:00","og_image":[{"width":1000,"height":667,"url":"https:\/\/srilankatravelpages.com\/wp-content\/uploads\/2021\/09\/tp5hr9olaqjd30u6wvbmgsic8znxky72.jpg","type":"image\/jpeg"}],"twitter_card":"summary_large_image","twitter_misc":{"Gesch\u00e4tzte Lesezeit":"1\u00a0Minute"},"schema":{"@context":"https:\/\/schema.org","@graph":[{"@type":"WebPage","@id":"https:\/\/srilankatravelpages.com\/explore\/","url":"https:\/\/srilankatravelpages.com\/explore\/","name":"\u00dcber 500 Sehensw\u00fcrdigkeiten in Sri Lanka | Die beliebtesten Attraktionen in Sri Lanka","isPartOf":{"@id":"https:\/\/srilankatravelpages.com\/ja\/#website"},"primaryImageOfPage":{"@id":"https:\/\/srilankatravelpages.com\/explore\/#primaryimage"},"image":{"@id":"https:\/\/srilankatravelpages.com\/explore\/#primaryimage"},"thumbnailUrl":"https:\/\/srilankatravelpages.com\/wp-content\/uploads\/2023\/10\/Sri-Lanka-Tourism.jpg","datePublished":"2024-03-22T11:12:48+00:00","dateModified":"2024-04-08T14:33:03+00:00","description":"Entdecken Sie \u00fcber 500 Reiseziele in Sri Lanka, die beliebtesten Attraktionen Sri Lankas und die \u00fcber 100 besten Aktivit\u00e4ten in Sri Lanka \u2013 2023","breadcrumb":{"@id":"https:\/\/srilankatravelpages.com\/explore\/#breadcrumb"},"inLanguage":"de","potentialAction":[{"@type":"ReadAction","target":["https:\/\/srilankatravelpages.com\/explore\/"]}]},{"@type":"ImageObject","inLanguage":"de","@id":"https:\/\/srilankatravelpages.com\/explore\/#primaryimage","url":"https:\/\/srilankatravelpages.com\/wp-content\/uploads\/2023\/10\/Sri-Lanka-Tourism.jpg","contentUrl":"https:\/\/srilankatravelpages.com\/wp-content\/uploads\/2023\/10\/Sri-Lanka-Tourism.jpg","width":1000,"height":562},{"@type":"BreadcrumbList","@id":"https:\/\/srilankatravelpages.com\/explore\/#breadcrumb","itemListElement":[{"@type":"ListItem","position":1,"name":"Home","item":"https:\/\/srilankatravelpages.com\/ja\/"},{"@type":"ListItem","position":2,"name":"Explore"}]},{"@type":"WebSite","@id":"https:\/\/srilankatravelpages.com\/ja\/#website","url":"https:\/\/srilankatravelpages.com\/ja\/","name":"Die beliebtesten Sehensw\u00fcrdigkeiten in Sri Lanka | Sri Lanka Reiseseiten","description":"Die beliebtesten Touristenattraktionen in Sri Lanka","potentialAction":[{"@type":"SearchAction","target":{"@type":"EntryPoint","urlTemplate":"https:\/\/srilankatravelpages.com\/ja\/?s={search_term_string}"},"query-input":{"@type":"PropertyValueSpecification","valueRequired":true,"valueName":"search_term_string"}}],"inLanguage":"de"}]}},"_links":{"self":[{"href":"https:\/\/srilankatravelpages.com\/de\/wp-json\/wp\/v2\/pages\/2701","targetHints":{"allow":["GET"]}}],"collection":[{"href":"https:\/\/srilankatravelpages.com\/de\/wp-json\/wp\/v2\/pages"}],"about":[{"href":"https:\/\/srilankatravelpages.com\/de\/wp-json\/wp\/v2\/types\/page"}],"author":[{"embeddable":true,"href":"https:\/\/srilankatravelpages.com\/de\/wp-json\/wp\/v2\/users\/1"}],"replies":[{"embeddable":true,"href":"https:\/\/srilankatravelpages.com\/de\/wp-json\/wp\/v2\/comments?post=2701"}],"version-history":[{"count":0,"href":"https:\/\/srilankatravelpages.com\/de\/wp-json\/wp\/v2\/pages\/2701\/revisions"}],"wp:featuredmedia":[{"embeddable":true,"href":"https:\/\/srilankatravelpages.com\/de\/wp-json\/wp\/v2\/media\/15368"}],"wp:attachment":[{"href":"https:\/\/srilankatravelpages.com\/de\/wp-json\/wp\/v2\/media?parent=2701"}],"curies":[{"name":"wp","href":"https:\/\/api.w.org\/{rel}","templated":true}]}}