{"id":18970,"date":"2024-03-22T16:39:00","date_gmt":"2024-03-22T11:09:00","guid":{"rendered":"https:\/\/srilankatravelpages.com\/?page_id=18970"},"modified":"2024-02-05T06:55:32","modified_gmt":"2024-02-05T01:25:32","slug":"ratnapura","status":"publish","type":"page","link":"https:\/\/srilankatravelpages.com\/es\/ratnapura\/","title":{"rendered":"Ratnapura"},"content":{"rendered":"","protected":false},"excerpt":{"rendered":"","protected":false},"author":1,"featured_media":18971,"parent":0,"menu_order":0,"comment_status":"closed","ping_status":"closed","template":"","meta":{"_acf_changed":false,"footnotes":""},"class_list":["post-18970","page","type-page","status-publish","has-post-thumbnail","hentry"],"acf":[],"yoast_head":"<!-- This site is optimized with the Yoast SEO Premium plugin v26.9 (Yoast SEO v26.9) - https:\/\/yoast.com\/product\/yoast-seo-premium-wordpress\/ -->\n<title>Ratnapura<\/title>\n<meta name=\"description\" content=\"Ratnapura, known as the &quot;City of Gems,&quot; is a major city in Sri Lanka and the heart of the Sabaragamuwa Province and the Ratnapura District.\" \/>\n<meta name=\"robots\" content=\"index, follow, max-snippet:-1, max-image-preview:large, max-video-preview:-1\" \/>\n<link rel=\"canonical\" href=\"https:\/\/srilankatravelpages.com\/es\/ratnapura\/\" \/>\n<meta property=\"og:locale\" content=\"es_ES\" \/>\n<meta property=\"og:type\" content=\"article\" \/>\n<meta property=\"og:title\" content=\"Ratnapura\" \/>\n<meta property=\"og:description\" content=\"Ratnapura, known as the &quot;City of Gems,&quot; is a major city in Sri Lanka and the heart of the Sabaragamuwa Province and the Ratnapura District.\" \/>\n<meta property=\"og:url\" content=\"https:\/\/srilankatravelpages.com\/es\/ratnapura\/\" \/>\n<meta property=\"og:site_name\" content=\"Top Rated Tourist Attraction Places in Sri Lanka | Sri Lanka Travel Pages\" \/>\n<meta property=\"og:image\" content=\"https:\/\/srilankatravelpages.com\/wp-content\/uploads\/2024\/02\/Ratnapura.jpg\" \/>\n\t<meta property=\"og:image:width\" content=\"1280\" \/>\n\t<meta property=\"og:image:height\" content=\"720\" \/>\n\t<meta property=\"og:image:type\" content=\"image\/jpeg\" \/>\n<meta name=\"twitter:card\" content=\"summary_large_image\" \/>\n<meta name=\"twitter:label1\" content=\"Tiempo de lectura\" \/>\n\t<meta name=\"twitter:data1\" content=\"5 minutos\" \/>\n<script type=\"application\/ld+json\" class=\"yoast-schema-graph\">{\"@context\":\"https:\/\/schema.org\",\"@graph\":[{\"@type\":\"WebPage\",\"@id\":\"https:\/\/srilankatravelpages.com\/ratnapura\/\",\"url\":\"https:\/\/srilankatravelpages.com\/ratnapura\/\",\"name\":\"Ratnapura\",\"isPartOf\":{\"@id\":\"https:\/\/srilankatravelpages.com\/ja\/#website\"},\"primaryImageOfPage\":{\"@id\":\"https:\/\/srilankatravelpages.com\/ratnapura\/#primaryimage\"},\"image\":{\"@id\":\"https:\/\/srilankatravelpages.com\/ratnapura\/#primaryimage\"},\"thumbnailUrl\":\"https:\/\/srilankatravelpages.com\/wp-content\/uploads\/2024\/02\/Ratnapura.jpg\",\"datePublished\":\"2024-03-22T11:09:00+00:00\",\"description\":\"Ratnapura, known as the \\\"City of Gems,\\\" is a major city in Sri Lanka and the heart of the Sabaragamuwa Province and the Ratnapura District.\",\"breadcrumb\":{\"@id\":\"https:\/\/srilankatravelpages.com\/ratnapura\/#breadcrumb\"},\"inLanguage\":\"es\",\"potentialAction\":[{\"@type\":\"ReadAction\",\"target\":[\"https:\/\/srilankatravelpages.com\/ratnapura\/\"]}]},{\"@type\":\"ImageObject\",\"inLanguage\":\"es\",\"@id\":\"https:\/\/srilankatravelpages.com\/ratnapura\/#primaryimage\",\"url\":\"https:\/\/srilankatravelpages.com\/wp-content\/uploads\/2024\/02\/Ratnapura.jpg\",\"contentUrl\":\"https:\/\/srilankatravelpages.com\/wp-content\/uploads\/2024\/02\/Ratnapura.jpg\",\"width\":1280,\"height\":720,\"caption\":\"Ratnapura\"},{\"@type\":\"BreadcrumbList\",\"@id\":\"https:\/\/srilankatravelpages.com\/ratnapura\/#breadcrumb\",\"itemListElement\":[{\"@type\":\"ListItem\",\"position\":1,\"name\":\"Home\",\"item\":\"https:\/\/srilankatravelpages.com\/ja\/\"},{\"@type\":\"ListItem\",\"position\":2,\"name\":\"Ratnapura\"}]},{\"@type\":\"WebSite\",\"@id\":\"https:\/\/srilankatravelpages.com\/ja\/#website\",\"url\":\"https:\/\/srilankatravelpages.com\/ja\/\",\"name\":\"Top Rated Tourist Attraction Places in Sri Lanka | Sri Lanka Travel Pages\",\"description\":\"Top Rated Tourist Attraction Places in Sri Lanka\",\"potentialAction\":[{\"@type\":\"SearchAction\",\"target\":{\"@type\":\"EntryPoint\",\"urlTemplate\":\"https:\/\/srilankatravelpages.com\/ja\/?s={search_term_string}\"},\"query-input\":{\"@type\":\"PropertyValueSpecification\",\"valueRequired\":true,\"valueName\":\"search_term_string\"}}],\"inLanguage\":\"es\"}]}<\/script>\n<!-- \/ Yoast SEO Premium plugin. -->","yoast_head_json":{"title":"Ratnapura","description":"Ratnapura, conocida como la &quot;Ciudad de las Gemas&quot;, es una ciudad importante en Sri Lanka y el coraz\u00f3n de la provincia de Sabaragamuwa y el distrito de Ratnapura.","robots":{"index":"index","follow":"follow","max-snippet":"max-snippet:-1","max-image-preview":"max-image-preview:large","max-video-preview":"max-video-preview:-1"},"canonical":"https:\/\/srilankatravelpages.com\/es\/ratnapura\/","og_locale":"es_ES","og_type":"article","og_title":"Ratnapura","og_description":"Ratnapura, known as the \"City of Gems,\" is a major city in Sri Lanka and the heart of the Sabaragamuwa Province and the Ratnapura District.","og_url":"https:\/\/srilankatravelpages.com\/es\/ratnapura\/","og_site_name":"Top Rated Tourist Attraction Places in Sri Lanka | Sri Lanka Travel Pages","og_image":[{"width":1280,"height":720,"url":"https:\/\/srilankatravelpages.com\/wp-content\/uploads\/2024\/02\/Ratnapura.jpg","type":"image\/jpeg"}],"twitter_card":"summary_large_image","twitter_misc":{"Tiempo de lectura":"5 minutos"},"schema":{"@context":"https:\/\/schema.org","@graph":[{"@type":"WebPage","@id":"https:\/\/srilankatravelpages.com\/ratnapura\/","url":"https:\/\/srilankatravelpages.com\/ratnapura\/","name":"Ratnapura","isPartOf":{"@id":"https:\/\/srilankatravelpages.com\/ja\/#website"},"primaryImageOfPage":{"@id":"https:\/\/srilankatravelpages.com\/ratnapura\/#primaryimage"},"image":{"@id":"https:\/\/srilankatravelpages.com\/ratnapura\/#primaryimage"},"thumbnailUrl":"https:\/\/srilankatravelpages.com\/wp-content\/uploads\/2024\/02\/Ratnapura.jpg","datePublished":"2024-03-22T11:09:00+00:00","description":"Ratnapura, conocida como la &quot;Ciudad de las Gemas&quot;, es una ciudad importante en Sri Lanka y el coraz\u00f3n de la provincia de Sabaragamuwa y el distrito de Ratnapura.","breadcrumb":{"@id":"https:\/\/srilankatravelpages.com\/ratnapura\/#breadcrumb"},"inLanguage":"es","potentialAction":[{"@type":"ReadAction","target":["https:\/\/srilankatravelpages.com\/ratnapura\/"]}]},{"@type":"ImageObject","inLanguage":"es","@id":"https:\/\/srilankatravelpages.com\/ratnapura\/#primaryimage","url":"https:\/\/srilankatravelpages.com\/wp-content\/uploads\/2024\/02\/Ratnapura.jpg","contentUrl":"https:\/\/srilankatravelpages.com\/wp-content\/uploads\/2024\/02\/Ratnapura.jpg","width":1280,"height":720,"caption":"Ratnapura"},{"@type":"BreadcrumbList","@id":"https:\/\/srilankatravelpages.com\/ratnapura\/#breadcrumb","itemListElement":[{"@type":"ListItem","position":1,"name":"Home","item":"https:\/\/srilankatravelpages.com\/ja\/"},{"@type":"ListItem","position":2,"name":"Ratnapura"}]},{"@type":"WebSite","@id":"https:\/\/srilankatravelpages.com\/ja\/#website","url":"https:\/\/srilankatravelpages.com\/ja\/","name":"Atracciones tur\u00edsticas mejor valoradas de Sri Lanka | P\u00e1ginas de viajes de Sri Lanka","description":"Los mejores lugares de inter\u00e9s tur\u00edstico de Sri Lanka","potentialAction":[{"@type":"SearchAction","target":{"@type":"EntryPoint","urlTemplate":"https:\/\/srilankatravelpages.com\/ja\/?s={search_term_string}"},"query-input":{"@type":"PropertyValueSpecification","valueRequired":true,"valueName":"search_term_string"}}],"inLanguage":"es"}]}},"_links":{"self":[{"href":"https:\/\/srilankatravelpages.com\/es\/wp-json\/wp\/v2\/pages\/18970","targetHints":{"allow":["GET"]}}],"collection":[{"href":"https:\/\/srilankatravelpages.com\/es\/wp-json\/wp\/v2\/pages"}],"about":[{"href":"https:\/\/srilankatravelpages.com\/es\/wp-json\/wp\/v2\/types\/page"}],"author":[{"embeddable":true,"href":"https:\/\/srilankatravelpages.com\/es\/wp-json\/wp\/v2\/users\/1"}],"replies":[{"embeddable":true,"href":"https:\/\/srilankatravelpages.com\/es\/wp-json\/wp\/v2\/comments?post=18970"}],"version-history":[{"count":0,"href":"https:\/\/srilankatravelpages.com\/es\/wp-json\/wp\/v2\/pages\/18970\/revisions"}],"wp:featuredmedia":[{"embeddable":true,"href":"https:\/\/srilankatravelpages.com\/es\/wp-json\/wp\/v2\/media\/18971"}],"wp:attachment":[{"href":"https:\/\/srilankatravelpages.com\/es\/wp-json\/wp\/v2\/media?parent=18970"}],"curies":[{"name":"wp","href":"https:\/\/api.w.org\/{rel}","templated":true}]}}