{"id":19212,"date":"2024-03-22T15:58:58","date_gmt":"2024-03-22T10:28:58","guid":{"rendered":"https:\/\/srilankatravelpages.com\/?page_id=19212"},"modified":"2024-03-30T08:59:48","modified_gmt":"2024-03-30T03:29:48","slug":"haputale","status":"publish","type":"page","link":"https:\/\/srilankatravelpages.com\/es\/haputale\/","title":{"rendered":"Haputale"},"content":{"rendered":"","protected":false},"excerpt":{"rendered":"","protected":false},"author":1,"featured_media":19213,"parent":0,"menu_order":0,"comment_status":"closed","ping_status":"closed","template":"","meta":{"_acf_changed":false,"footnotes":""},"class_list":["post-19212","page","type-page","status-publish","has-post-thumbnail","hentry"],"acf":[],"yoast_head":"<!-- This site is optimized with the Yoast SEO Premium plugin v26.9 (Yoast SEO v26.9) - https:\/\/yoast.com\/product\/yoast-seo-premium-wordpress\/ -->\n<title>Haputale<\/title>\n<meta name=\"description\" content=\"Perched at 1431 meters above sea level, Haputale is a quaint town in the Badulla District of Uva Province, Sri Lanka, that captivates with its cooler climate, dense biodiversity, and sweeping vistas.\" \/>\n<meta name=\"robots\" content=\"index, follow, max-snippet:-1, max-image-preview:large, max-video-preview:-1\" \/>\n<link rel=\"canonical\" href=\"https:\/\/srilankatravelpages.com\/es\/haputale\/\" \/>\n<meta property=\"og:locale\" content=\"es_ES\" \/>\n<meta property=\"og:type\" content=\"article\" \/>\n<meta property=\"og:title\" content=\"Haputale\" \/>\n<meta property=\"og:description\" content=\"Perched at 1431 meters above sea level, Haputale is a quaint town in the Badulla District of Uva Province, Sri Lanka, that captivates with its cooler climate, dense biodiversity, and sweeping vistas.\" \/>\n<meta property=\"og:url\" content=\"https:\/\/srilankatravelpages.com\/es\/haputale\/\" \/>\n<meta property=\"og:site_name\" content=\"Top Rated Tourist Attraction Places in Sri Lanka | Sri Lanka Travel Pages\" \/>\n<meta property=\"article:modified_time\" content=\"2024-03-30T03:29:48+00:00\" \/>\n<meta property=\"og:image\" content=\"https:\/\/srilankatravelpages.com\/wp-content\/uploads\/2024\/02\/Haputale-.jpg\" \/>\n\t<meta property=\"og:image:width\" content=\"1280\" \/>\n\t<meta property=\"og:image:height\" content=\"720\" \/>\n\t<meta property=\"og:image:type\" content=\"image\/jpeg\" \/>\n<meta name=\"twitter:card\" content=\"summary_large_image\" \/>\n<meta name=\"twitter:label1\" content=\"Tiempo de lectura\" \/>\n\t<meta name=\"twitter:data1\" content=\"5 minutos\" \/>\n<script type=\"application\/ld+json\" class=\"yoast-schema-graph\">{\"@context\":\"https:\/\/schema.org\",\"@graph\":[{\"@type\":\"WebPage\",\"@id\":\"https:\/\/srilankatravelpages.com\/pl\/haputale\/\",\"url\":\"https:\/\/srilankatravelpages.com\/pl\/haputale\/\",\"name\":\"Haputale\",\"isPartOf\":{\"@id\":\"https:\/\/srilankatravelpages.com\/ja\/#website\"},\"primaryImageOfPage\":{\"@id\":\"https:\/\/srilankatravelpages.com\/pl\/haputale\/#primaryimage\"},\"image\":{\"@id\":\"https:\/\/srilankatravelpages.com\/pl\/haputale\/#primaryimage\"},\"thumbnailUrl\":\"https:\/\/srilankatravelpages.com\/wp-content\/uploads\/2024\/02\/Haputale-.jpg\",\"datePublished\":\"2024-03-22T10:28:58+00:00\",\"dateModified\":\"2024-03-30T03:29:48+00:00\",\"description\":\"Perched at 1431 meters above sea level, Haputale is a quaint town in the Badulla District of Uva Province, Sri Lanka, that captivates with its cooler climate, dense biodiversity, and sweeping vistas.\",\"breadcrumb\":{\"@id\":\"https:\/\/srilankatravelpages.com\/pl\/haputale\/#breadcrumb\"},\"inLanguage\":\"es\",\"potentialAction\":[{\"@type\":\"ReadAction\",\"target\":[\"https:\/\/srilankatravelpages.com\/pl\/haputale\/\"]}]},{\"@type\":\"ImageObject\",\"inLanguage\":\"es\",\"@id\":\"https:\/\/srilankatravelpages.com\/pl\/haputale\/#primaryimage\",\"url\":\"https:\/\/srilankatravelpages.com\/wp-content\/uploads\/2024\/02\/Haputale-.jpg\",\"contentUrl\":\"https:\/\/srilankatravelpages.com\/wp-content\/uploads\/2024\/02\/Haputale-.jpg\",\"width\":1280,\"height\":720,\"caption\":\"Haputale\"},{\"@type\":\"BreadcrumbList\",\"@id\":\"https:\/\/srilankatravelpages.com\/pl\/haputale\/#breadcrumb\",\"itemListElement\":[{\"@type\":\"ListItem\",\"position\":1,\"name\":\"Home\",\"item\":\"https:\/\/srilankatravelpages.com\/ja\/\"},{\"@type\":\"ListItem\",\"position\":2,\"name\":\"Haputale\"}]},{\"@type\":\"WebSite\",\"@id\":\"https:\/\/srilankatravelpages.com\/ja\/#website\",\"url\":\"https:\/\/srilankatravelpages.com\/ja\/\",\"name\":\"Top Rated Tourist Attraction Places in Sri Lanka | Sri Lanka Travel Pages\",\"description\":\"Top Rated Tourist Attraction Places in Sri Lanka\",\"potentialAction\":[{\"@type\":\"SearchAction\",\"target\":{\"@type\":\"EntryPoint\",\"urlTemplate\":\"https:\/\/srilankatravelpages.com\/ja\/?s={search_term_string}\"},\"query-input\":{\"@type\":\"PropertyValueSpecification\",\"valueRequired\":true,\"valueName\":\"search_term_string\"}}],\"inLanguage\":\"es\"}]}<\/script>\n<!-- \/ Yoast SEO Premium plugin. -->","yoast_head_json":{"title":"Haputale","description":"Situada a 1.431 metros sobre el nivel del mar, Haputale es una pintoresca ciudad en el distrito de Badulla de la provincia de Uva, Sri Lanka, que cautiva con su clima m\u00e1s fresco, su densa biodiversidad y sus vistas panor\u00e1micas.","robots":{"index":"index","follow":"follow","max-snippet":"max-snippet:-1","max-image-preview":"max-image-preview:large","max-video-preview":"max-video-preview:-1"},"canonical":"https:\/\/srilankatravelpages.com\/es\/haputale\/","og_locale":"es_ES","og_type":"article","og_title":"Haputale","og_description":"Perched at 1431 meters above sea level, Haputale is a quaint town in the Badulla District of Uva Province, Sri Lanka, that captivates with its cooler climate, dense biodiversity, and sweeping vistas.","og_url":"https:\/\/srilankatravelpages.com\/es\/haputale\/","og_site_name":"Top Rated Tourist Attraction Places in Sri Lanka | Sri Lanka Travel Pages","article_modified_time":"2024-03-30T03:29:48+00:00","og_image":[{"width":1280,"height":720,"url":"https:\/\/srilankatravelpages.com\/wp-content\/uploads\/2024\/02\/Haputale-.jpg","type":"image\/jpeg"}],"twitter_card":"summary_large_image","twitter_misc":{"Tiempo de lectura":"5 minutos"},"schema":{"@context":"https:\/\/schema.org","@graph":[{"@type":"WebPage","@id":"https:\/\/srilankatravelpages.com\/pl\/haputale\/","url":"https:\/\/srilankatravelpages.com\/pl\/haputale\/","name":"Haputale","isPartOf":{"@id":"https:\/\/srilankatravelpages.com\/ja\/#website"},"primaryImageOfPage":{"@id":"https:\/\/srilankatravelpages.com\/pl\/haputale\/#primaryimage"},"image":{"@id":"https:\/\/srilankatravelpages.com\/pl\/haputale\/#primaryimage"},"thumbnailUrl":"https:\/\/srilankatravelpages.com\/wp-content\/uploads\/2024\/02\/Haputale-.jpg","datePublished":"2024-03-22T10:28:58+00:00","dateModified":"2024-03-30T03:29:48+00:00","description":"Situada a 1.431 metros sobre el nivel del mar, Haputale es una pintoresca ciudad en el distrito de Badulla de la provincia de Uva, Sri Lanka, que cautiva con su clima m\u00e1s fresco, su densa biodiversidad y sus vistas panor\u00e1micas.","breadcrumb":{"@id":"https:\/\/srilankatravelpages.com\/pl\/haputale\/#breadcrumb"},"inLanguage":"es","potentialAction":[{"@type":"ReadAction","target":["https:\/\/srilankatravelpages.com\/pl\/haputale\/"]}]},{"@type":"ImageObject","inLanguage":"es","@id":"https:\/\/srilankatravelpages.com\/pl\/haputale\/#primaryimage","url":"https:\/\/srilankatravelpages.com\/wp-content\/uploads\/2024\/02\/Haputale-.jpg","contentUrl":"https:\/\/srilankatravelpages.com\/wp-content\/uploads\/2024\/02\/Haputale-.jpg","width":1280,"height":720,"caption":"Haputale"},{"@type":"BreadcrumbList","@id":"https:\/\/srilankatravelpages.com\/pl\/haputale\/#breadcrumb","itemListElement":[{"@type":"ListItem","position":1,"name":"Home","item":"https:\/\/srilankatravelpages.com\/ja\/"},{"@type":"ListItem","position":2,"name":"Haputale"}]},{"@type":"WebSite","@id":"https:\/\/srilankatravelpages.com\/ja\/#website","url":"https:\/\/srilankatravelpages.com\/ja\/","name":"Atracciones tur\u00edsticas mejor valoradas de Sri Lanka | P\u00e1ginas de viajes de Sri Lanka","description":"Los mejores lugares de inter\u00e9s tur\u00edstico de Sri Lanka","potentialAction":[{"@type":"SearchAction","target":{"@type":"EntryPoint","urlTemplate":"https:\/\/srilankatravelpages.com\/ja\/?s={search_term_string}"},"query-input":{"@type":"PropertyValueSpecification","valueRequired":true,"valueName":"search_term_string"}}],"inLanguage":"es"}]}},"_links":{"self":[{"href":"https:\/\/srilankatravelpages.com\/es\/wp-json\/wp\/v2\/pages\/19212","targetHints":{"allow":["GET"]}}],"collection":[{"href":"https:\/\/srilankatravelpages.com\/es\/wp-json\/wp\/v2\/pages"}],"about":[{"href":"https:\/\/srilankatravelpages.com\/es\/wp-json\/wp\/v2\/types\/page"}],"author":[{"embeddable":true,"href":"https:\/\/srilankatravelpages.com\/es\/wp-json\/wp\/v2\/users\/1"}],"replies":[{"embeddable":true,"href":"https:\/\/srilankatravelpages.com\/es\/wp-json\/wp\/v2\/comments?post=19212"}],"version-history":[{"count":0,"href":"https:\/\/srilankatravelpages.com\/es\/wp-json\/wp\/v2\/pages\/19212\/revisions"}],"wp:featuredmedia":[{"embeddable":true,"href":"https:\/\/srilankatravelpages.com\/es\/wp-json\/wp\/v2\/media\/19213"}],"wp:attachment":[{"href":"https:\/\/srilankatravelpages.com\/es\/wp-json\/wp\/v2\/media?parent=19212"}],"curies":[{"name":"wp","href":"https:\/\/api.w.org\/{rel}","templated":true}]}}