{"id":20192,"date":"2024-04-01T07:26:20","date_gmt":"2024-04-01T01:56:20","guid":{"rendered":"https:\/\/srilankatravelpages.com\/?page_id=20192"},"modified":"2024-04-01T10:07:47","modified_gmt":"2024-04-01T04:37:47","slug":"weligama","status":"publish","type":"page","link":"https:\/\/srilankatravelpages.com\/es\/weligama\/","title":{"rendered":"Weligama"},"content":{"rendered":"","protected":false},"excerpt":{"rendered":"","protected":false},"author":1,"featured_media":20194,"parent":0,"menu_order":0,"comment_status":"closed","ping_status":"closed","template":"","meta":{"_acf_changed":false,"footnotes":""},"class_list":["post-20192","page","type-page","status-publish","has-post-thumbnail","hentry"],"acf":[],"yoast_head":"<!-- This site is optimized with the Yoast SEO Premium plugin v26.9 (Yoast SEO v26.9) - https:\/\/yoast.com\/product\/yoast-seo-premium-wordpress\/ -->\n<title>Weligama<\/title>\n<meta name=\"description\" content=\"Discover the enchanting coastal town of Weligama, Sri Lanka, where pristine beaches, rich culture, and warm hospitality await. Perfect for surfers, culture enthusiasts, and eco-tourists alike. Explore more for an unforgettable escape.\" \/>\n<meta name=\"robots\" content=\"index, follow, max-snippet:-1, max-image-preview:large, max-video-preview:-1\" \/>\n<link rel=\"canonical\" href=\"https:\/\/srilankatravelpages.com\/es\/weligama\/\" \/>\n<meta property=\"og:locale\" content=\"es_ES\" \/>\n<meta property=\"og:type\" content=\"article\" \/>\n<meta property=\"og:title\" content=\"Weligama\" \/>\n<meta property=\"og:description\" content=\"Discover the enchanting coastal town of Weligama, Sri Lanka, where pristine beaches, rich culture, and warm hospitality await. Perfect for surfers, culture enthusiasts, and eco-tourists alike. Explore more for an unforgettable escape.\" \/>\n<meta property=\"og:url\" content=\"https:\/\/srilankatravelpages.com\/es\/weligama\/\" \/>\n<meta property=\"og:site_name\" content=\"Top Rated Tourist Attraction Places in Sri Lanka | Sri Lanka Travel Pages\" \/>\n<meta property=\"article:modified_time\" content=\"2024-04-01T04:37:47+00:00\" \/>\n<meta property=\"og:image\" content=\"https:\/\/srilankatravelpages.com\/wp-content\/uploads\/2024\/04\/Weligama.jpg\" \/>\n\t<meta property=\"og:image:width\" content=\"1280\" \/>\n\t<meta property=\"og:image:height\" content=\"720\" \/>\n\t<meta property=\"og:image:type\" content=\"image\/jpeg\" \/>\n<meta name=\"twitter:card\" content=\"summary_large_image\" \/>\n<meta name=\"twitter:label1\" content=\"Tiempo de lectura\" \/>\n\t<meta name=\"twitter:data1\" content=\"7 minutos\" \/>\n<script type=\"application\/ld+json\" class=\"yoast-schema-graph\">{\"@context\":\"https:\/\/schema.org\",\"@graph\":[{\"@type\":\"WebPage\",\"@id\":\"https:\/\/srilankatravelpages.com\/pl\/weligama\/\",\"url\":\"https:\/\/srilankatravelpages.com\/pl\/weligama\/\",\"name\":\"Weligama\",\"isPartOf\":{\"@id\":\"https:\/\/srilankatravelpages.com\/ja\/#website\"},\"primaryImageOfPage\":{\"@id\":\"https:\/\/srilankatravelpages.com\/pl\/weligama\/#primaryimage\"},\"image\":{\"@id\":\"https:\/\/srilankatravelpages.com\/pl\/weligama\/#primaryimage\"},\"thumbnailUrl\":\"https:\/\/srilankatravelpages.com\/wp-content\/uploads\/2024\/04\/Weligama.jpg\",\"datePublished\":\"2024-04-01T01:56:20+00:00\",\"dateModified\":\"2024-04-01T04:37:47+00:00\",\"description\":\"Discover the enchanting coastal town of Weligama, Sri Lanka, where pristine beaches, rich culture, and warm hospitality await. Perfect for surfers, culture enthusiasts, and eco-tourists alike. Explore more for an unforgettable escape.\",\"breadcrumb\":{\"@id\":\"https:\/\/srilankatravelpages.com\/pl\/weligama\/#breadcrumb\"},\"inLanguage\":\"es\",\"potentialAction\":[{\"@type\":\"ReadAction\",\"target\":[\"https:\/\/srilankatravelpages.com\/pl\/weligama\/\"]}]},{\"@type\":\"ImageObject\",\"inLanguage\":\"es\",\"@id\":\"https:\/\/srilankatravelpages.com\/pl\/weligama\/#primaryimage\",\"url\":\"https:\/\/srilankatravelpages.com\/wp-content\/uploads\/2024\/04\/Weligama.jpg\",\"contentUrl\":\"https:\/\/srilankatravelpages.com\/wp-content\/uploads\/2024\/04\/Weligama.jpg\",\"width\":1280,\"height\":720,\"caption\":\"Weligama\"},{\"@type\":\"BreadcrumbList\",\"@id\":\"https:\/\/srilankatravelpages.com\/pl\/weligama\/#breadcrumb\",\"itemListElement\":[{\"@type\":\"ListItem\",\"position\":1,\"name\":\"Home\",\"item\":\"https:\/\/srilankatravelpages.com\/ja\/\"},{\"@type\":\"ListItem\",\"position\":2,\"name\":\"Weligama\"}]},{\"@type\":\"WebSite\",\"@id\":\"https:\/\/srilankatravelpages.com\/ja\/#website\",\"url\":\"https:\/\/srilankatravelpages.com\/ja\/\",\"name\":\"Top Rated Tourist Attraction Places in Sri Lanka | Sri Lanka Travel Pages\",\"description\":\"Top Rated Tourist Attraction Places in Sri Lanka\",\"potentialAction\":[{\"@type\":\"SearchAction\",\"target\":{\"@type\":\"EntryPoint\",\"urlTemplate\":\"https:\/\/srilankatravelpages.com\/ja\/?s={search_term_string}\"},\"query-input\":{\"@type\":\"PropertyValueSpecification\",\"valueRequired\":true,\"valueName\":\"search_term_string\"}}],\"inLanguage\":\"es\"}]}<\/script>\n<!-- \/ Yoast SEO Premium plugin. -->","yoast_head_json":{"title":"Weligama","description":"Discover the enchanting coastal town of Weligama, Sri Lanka, where pristine beaches, rich culture, and warm hospitality await. Perfect for surfers, culture enthusiasts, and eco-tourists alike. Explore more for an unforgettable escape.","robots":{"index":"index","follow":"follow","max-snippet":"max-snippet:-1","max-image-preview":"max-image-preview:large","max-video-preview":"max-video-preview:-1"},"canonical":"https:\/\/srilankatravelpages.com\/es\/weligama\/","og_locale":"es_ES","og_type":"article","og_title":"Weligama","og_description":"Discover the enchanting coastal town of Weligama, Sri Lanka, where pristine beaches, rich culture, and warm hospitality await. Perfect for surfers, culture enthusiasts, and eco-tourists alike. Explore more for an unforgettable escape.","og_url":"https:\/\/srilankatravelpages.com\/es\/weligama\/","og_site_name":"Top Rated Tourist Attraction Places in Sri Lanka | Sri Lanka Travel Pages","article_modified_time":"2024-04-01T04:37:47+00:00","og_image":[{"width":1280,"height":720,"url":"https:\/\/srilankatravelpages.com\/wp-content\/uploads\/2024\/04\/Weligama.jpg","type":"image\/jpeg"}],"twitter_card":"summary_large_image","twitter_misc":{"Tiempo de lectura":"7 minutos"},"schema":{"@context":"https:\/\/schema.org","@graph":[{"@type":"WebPage","@id":"https:\/\/srilankatravelpages.com\/pl\/weligama\/","url":"https:\/\/srilankatravelpages.com\/pl\/weligama\/","name":"Weligama","isPartOf":{"@id":"https:\/\/srilankatravelpages.com\/ja\/#website"},"primaryImageOfPage":{"@id":"https:\/\/srilankatravelpages.com\/pl\/weligama\/#primaryimage"},"image":{"@id":"https:\/\/srilankatravelpages.com\/pl\/weligama\/#primaryimage"},"thumbnailUrl":"https:\/\/srilankatravelpages.com\/wp-content\/uploads\/2024\/04\/Weligama.jpg","datePublished":"2024-04-01T01:56:20+00:00","dateModified":"2024-04-01T04:37:47+00:00","description":"Discover the enchanting coastal town of Weligama, Sri Lanka, where pristine beaches, rich culture, and warm hospitality await. Perfect for surfers, culture enthusiasts, and eco-tourists alike. Explore more for an unforgettable escape.","breadcrumb":{"@id":"https:\/\/srilankatravelpages.com\/pl\/weligama\/#breadcrumb"},"inLanguage":"es","potentialAction":[{"@type":"ReadAction","target":["https:\/\/srilankatravelpages.com\/pl\/weligama\/"]}]},{"@type":"ImageObject","inLanguage":"es","@id":"https:\/\/srilankatravelpages.com\/pl\/weligama\/#primaryimage","url":"https:\/\/srilankatravelpages.com\/wp-content\/uploads\/2024\/04\/Weligama.jpg","contentUrl":"https:\/\/srilankatravelpages.com\/wp-content\/uploads\/2024\/04\/Weligama.jpg","width":1280,"height":720,"caption":"Weligama"},{"@type":"BreadcrumbList","@id":"https:\/\/srilankatravelpages.com\/pl\/weligama\/#breadcrumb","itemListElement":[{"@type":"ListItem","position":1,"name":"Home","item":"https:\/\/srilankatravelpages.com\/ja\/"},{"@type":"ListItem","position":2,"name":"Weligama"}]},{"@type":"WebSite","@id":"https:\/\/srilankatravelpages.com\/ja\/#website","url":"https:\/\/srilankatravelpages.com\/ja\/","name":"Atracciones tur\u00edsticas mejor valoradas de Sri Lanka | P\u00e1ginas de viajes de Sri Lanka","description":"Los mejores lugares de inter\u00e9s tur\u00edstico de Sri Lanka","potentialAction":[{"@type":"SearchAction","target":{"@type":"EntryPoint","urlTemplate":"https:\/\/srilankatravelpages.com\/ja\/?s={search_term_string}"},"query-input":{"@type":"PropertyValueSpecification","valueRequired":true,"valueName":"search_term_string"}}],"inLanguage":"es"}]}},"_links":{"self":[{"href":"https:\/\/srilankatravelpages.com\/es\/wp-json\/wp\/v2\/pages\/20192","targetHints":{"allow":["GET"]}}],"collection":[{"href":"https:\/\/srilankatravelpages.com\/es\/wp-json\/wp\/v2\/pages"}],"about":[{"href":"https:\/\/srilankatravelpages.com\/es\/wp-json\/wp\/v2\/types\/page"}],"author":[{"embeddable":true,"href":"https:\/\/srilankatravelpages.com\/es\/wp-json\/wp\/v2\/users\/1"}],"replies":[{"embeddable":true,"href":"https:\/\/srilankatravelpages.com\/es\/wp-json\/wp\/v2\/comments?post=20192"}],"version-history":[{"count":0,"href":"https:\/\/srilankatravelpages.com\/es\/wp-json\/wp\/v2\/pages\/20192\/revisions"}],"wp:featuredmedia":[{"embeddable":true,"href":"https:\/\/srilankatravelpages.com\/es\/wp-json\/wp\/v2\/media\/20194"}],"wp:attachment":[{"href":"https:\/\/srilankatravelpages.com\/es\/wp-json\/wp\/v2\/media?parent=20192"}],"curies":[{"name":"wp","href":"https:\/\/api.w.org\/{rel}","templated":true}]}}