{"id":4737,"date":"2024-03-22T16:06:32","date_gmt":"2024-03-22T10:36:32","guid":{"rendered":"https:\/\/srilankatravelpages.com\/?page_id=4737"},"modified":"2024-03-29T12:36:11","modified_gmt":"2024-03-29T07:06:11","slug":"en-el-sur-de-sri-lanka","status":"publish","type":"page","link":"https:\/\/srilankatravelpages.com\/es\/en-el-sur-de-sri-lanka\/","title":{"rendered":"Al sur de Sri Lanka"},"content":{"rendered":"","protected":false},"excerpt":{"rendered":"","protected":false},"author":1,"featured_media":3527,"parent":0,"menu_order":0,"comment_status":"closed","ping_status":"closed","template":"","meta":{"_acf_changed":false,"footnotes":""},"class_list":["post-4737","page","type-page","status-publish","has-post-thumbnail","hentry"],"acf":[],"yoast_head":"<!-- This site is optimized with the Yoast SEO Premium plugin v26.9 (Yoast SEO v26.9) - https:\/\/yoast.com\/product\/yoast-seo-premium-wordpress\/ -->\n<title>Down South of Sri Lanka<\/title>\n<meta name=\"description\" content=\"Travellers gather to Down south of Sri Lanka to its stunning beaches, incredible wildlife, rich culture also classical heritage landmarks.\" \/>\n<meta name=\"robots\" content=\"index, follow, max-snippet:-1, max-image-preview:large, max-video-preview:-1\" \/>\n<link rel=\"canonical\" href=\"https:\/\/srilankatravelpages.com\/es\/en-el-sur-de-sri-lanka\/\" \/>\n<meta property=\"og:locale\" content=\"es_ES\" \/>\n<meta property=\"og:type\" content=\"article\" \/>\n<meta property=\"og:title\" content=\"Down South of Sri Lanka\" \/>\n<meta property=\"og:description\" content=\"Travellers gather to Down south of Sri Lanka to its stunning beaches, incredible wildlife, rich culture also classical heritage landmarks.\" \/>\n<meta property=\"og:url\" content=\"https:\/\/srilankatravelpages.com\/es\/en-el-sur-de-sri-lanka\/\" \/>\n<meta property=\"og:site_name\" content=\"Top Rated Tourist Attraction Places in Sri Lanka | Sri Lanka Travel Pages\" \/>\n<meta property=\"article:modified_time\" content=\"2024-03-29T07:06:11+00:00\" \/>\n<meta property=\"og:image\" content=\"https:\/\/srilankatravelpages.com\/wp-content\/uploads\/2021\/09\/ndhez1pw3js95l0cb4rvigx2mu67yk8t.jpg\" \/>\n\t<meta property=\"og:image:width\" content=\"1000\" \/>\n\t<meta property=\"og:image:height\" content=\"750\" \/>\n\t<meta property=\"og:image:type\" content=\"image\/jpeg\" \/>\n<meta name=\"twitter:card\" content=\"summary_large_image\" \/>\n<meta name=\"twitter:label1\" content=\"Tiempo de lectura\" \/>\n\t<meta name=\"twitter:data1\" content=\"12 minutos\" \/>\n<script type=\"application\/ld+json\" class=\"yoast-schema-graph\">{\"@context\":\"https:\/\/schema.org\",\"@graph\":[{\"@type\":\"WebPage\",\"@id\":\"https:\/\/srilankatravelpages.com\/pl\/down-south-sri-lanka\/\",\"url\":\"https:\/\/srilankatravelpages.com\/pl\/down-south-sri-lanka\/\",\"name\":\"Down South of Sri Lanka\",\"isPartOf\":{\"@id\":\"https:\/\/srilankatravelpages.com\/ja\/#website\"},\"primaryImageOfPage\":{\"@id\":\"https:\/\/srilankatravelpages.com\/pl\/down-south-sri-lanka\/#primaryimage\"},\"image\":{\"@id\":\"https:\/\/srilankatravelpages.com\/pl\/down-south-sri-lanka\/#primaryimage\"},\"thumbnailUrl\":\"https:\/\/srilankatravelpages.com\/wp-content\/uploads\/2021\/09\/ndhez1pw3js95l0cb4rvigx2mu67yk8t.jpg\",\"datePublished\":\"2024-03-22T10:36:32+00:00\",\"dateModified\":\"2024-03-29T07:06:11+00:00\",\"description\":\"Travellers gather to Down south of Sri Lanka to its stunning beaches, incredible wildlife, rich culture also classical heritage landmarks.\",\"breadcrumb\":{\"@id\":\"https:\/\/srilankatravelpages.com\/pl\/down-south-sri-lanka\/#breadcrumb\"},\"inLanguage\":\"es\",\"potentialAction\":[{\"@type\":\"ReadAction\",\"target\":[\"https:\/\/srilankatravelpages.com\/pl\/down-south-sri-lanka\/\"]}]},{\"@type\":\"ImageObject\",\"inLanguage\":\"es\",\"@id\":\"https:\/\/srilankatravelpages.com\/pl\/down-south-sri-lanka\/#primaryimage\",\"url\":\"https:\/\/srilankatravelpages.com\/wp-content\/uploads\/2021\/09\/ndhez1pw3js95l0cb4rvigx2mu67yk8t.jpg\",\"contentUrl\":\"https:\/\/srilankatravelpages.com\/wp-content\/uploads\/2021\/09\/ndhez1pw3js95l0cb4rvigx2mu67yk8t.jpg\",\"width\":1000,\"height\":750,\"caption\":\"unawatuna beach\"},{\"@type\":\"BreadcrumbList\",\"@id\":\"https:\/\/srilankatravelpages.com\/pl\/down-south-sri-lanka\/#breadcrumb\",\"itemListElement\":[{\"@type\":\"ListItem\",\"position\":1,\"name\":\"Home\",\"item\":\"https:\/\/srilankatravelpages.com\/ja\/\"},{\"@type\":\"ListItem\",\"position\":2,\"name\":\"Down South of Sri Lanka\"}]},{\"@type\":\"WebSite\",\"@id\":\"https:\/\/srilankatravelpages.com\/ja\/#website\",\"url\":\"https:\/\/srilankatravelpages.com\/ja\/\",\"name\":\"Top Rated Tourist Attraction Places in Sri Lanka | Sri Lanka Travel Pages\",\"description\":\"Top Rated Tourist Attraction Places in Sri Lanka\",\"potentialAction\":[{\"@type\":\"SearchAction\",\"target\":{\"@type\":\"EntryPoint\",\"urlTemplate\":\"https:\/\/srilankatravelpages.com\/ja\/?s={search_term_string}\"},\"query-input\":{\"@type\":\"PropertyValueSpecification\",\"valueRequired\":true,\"valueName\":\"search_term_string\"}}],\"inLanguage\":\"es\"}]}<\/script>\n<!-- \/ Yoast SEO Premium plugin. -->","yoast_head_json":{"title":"Al sur de Sri Lanka","description":"Los viajeros se re\u00fanen en el sur de Sri Lanka por sus impresionantes playas, su incre\u00edble vida salvaje, su rica cultura y sus lugares de inter\u00e9s patrimonial cl\u00e1sico.","robots":{"index":"index","follow":"follow","max-snippet":"max-snippet:-1","max-image-preview":"max-image-preview:large","max-video-preview":"max-video-preview:-1"},"canonical":"https:\/\/srilankatravelpages.com\/es\/en-el-sur-de-sri-lanka\/","og_locale":"es_ES","og_type":"article","og_title":"Down South of Sri Lanka","og_description":"Travellers gather to Down south of Sri Lanka to its stunning beaches, incredible wildlife, rich culture also classical heritage landmarks.","og_url":"https:\/\/srilankatravelpages.com\/es\/en-el-sur-de-sri-lanka\/","og_site_name":"Top Rated Tourist Attraction Places in Sri Lanka | Sri Lanka Travel Pages","article_modified_time":"2024-03-29T07:06:11+00:00","og_image":[{"width":1000,"height":750,"url":"https:\/\/srilankatravelpages.com\/wp-content\/uploads\/2021\/09\/ndhez1pw3js95l0cb4rvigx2mu67yk8t.jpg","type":"image\/jpeg"}],"twitter_card":"summary_large_image","twitter_misc":{"Tiempo de lectura":"12 minutos"},"schema":{"@context":"https:\/\/schema.org","@graph":[{"@type":"WebPage","@id":"https:\/\/srilankatravelpages.com\/pl\/down-south-sri-lanka\/","url":"https:\/\/srilankatravelpages.com\/pl\/down-south-sri-lanka\/","name":"Al sur de Sri Lanka","isPartOf":{"@id":"https:\/\/srilankatravelpages.com\/ja\/#website"},"primaryImageOfPage":{"@id":"https:\/\/srilankatravelpages.com\/pl\/down-south-sri-lanka\/#primaryimage"},"image":{"@id":"https:\/\/srilankatravelpages.com\/pl\/down-south-sri-lanka\/#primaryimage"},"thumbnailUrl":"https:\/\/srilankatravelpages.com\/wp-content\/uploads\/2021\/09\/ndhez1pw3js95l0cb4rvigx2mu67yk8t.jpg","datePublished":"2024-03-22T10:36:32+00:00","dateModified":"2024-03-29T07:06:11+00:00","description":"Los viajeros se re\u00fanen en el sur de Sri Lanka por sus impresionantes playas, su incre\u00edble vida salvaje, su rica cultura y sus lugares de inter\u00e9s patrimonial cl\u00e1sico.","breadcrumb":{"@id":"https:\/\/srilankatravelpages.com\/pl\/down-south-sri-lanka\/#breadcrumb"},"inLanguage":"es","potentialAction":[{"@type":"ReadAction","target":["https:\/\/srilankatravelpages.com\/pl\/down-south-sri-lanka\/"]}]},{"@type":"ImageObject","inLanguage":"es","@id":"https:\/\/srilankatravelpages.com\/pl\/down-south-sri-lanka\/#primaryimage","url":"https:\/\/srilankatravelpages.com\/wp-content\/uploads\/2021\/09\/ndhez1pw3js95l0cb4rvigx2mu67yk8t.jpg","contentUrl":"https:\/\/srilankatravelpages.com\/wp-content\/uploads\/2021\/09\/ndhez1pw3js95l0cb4rvigx2mu67yk8t.jpg","width":1000,"height":750,"caption":"unawatuna beach"},{"@type":"BreadcrumbList","@id":"https:\/\/srilankatravelpages.com\/pl\/down-south-sri-lanka\/#breadcrumb","itemListElement":[{"@type":"ListItem","position":1,"name":"Home","item":"https:\/\/srilankatravelpages.com\/ja\/"},{"@type":"ListItem","position":2,"name":"Down South of Sri Lanka"}]},{"@type":"WebSite","@id":"https:\/\/srilankatravelpages.com\/ja\/#website","url":"https:\/\/srilankatravelpages.com\/ja\/","name":"Atracciones tur\u00edsticas mejor valoradas de Sri Lanka | P\u00e1ginas de viajes de Sri Lanka","description":"Los mejores lugares de inter\u00e9s tur\u00edstico de Sri Lanka","potentialAction":[{"@type":"SearchAction","target":{"@type":"EntryPoint","urlTemplate":"https:\/\/srilankatravelpages.com\/ja\/?s={search_term_string}"},"query-input":{"@type":"PropertyValueSpecification","valueRequired":true,"valueName":"search_term_string"}}],"inLanguage":"es"}]}},"_links":{"self":[{"href":"https:\/\/srilankatravelpages.com\/es\/wp-json\/wp\/v2\/pages\/4737","targetHints":{"allow":["GET"]}}],"collection":[{"href":"https:\/\/srilankatravelpages.com\/es\/wp-json\/wp\/v2\/pages"}],"about":[{"href":"https:\/\/srilankatravelpages.com\/es\/wp-json\/wp\/v2\/types\/page"}],"author":[{"embeddable":true,"href":"https:\/\/srilankatravelpages.com\/es\/wp-json\/wp\/v2\/users\/1"}],"replies":[{"embeddable":true,"href":"https:\/\/srilankatravelpages.com\/es\/wp-json\/wp\/v2\/comments?post=4737"}],"version-history":[{"count":0,"href":"https:\/\/srilankatravelpages.com\/es\/wp-json\/wp\/v2\/pages\/4737\/revisions"}],"wp:featuredmedia":[{"embeddable":true,"href":"https:\/\/srilankatravelpages.com\/es\/wp-json\/wp\/v2\/media\/3527"}],"wp:attachment":[{"href":"https:\/\/srilankatravelpages.com\/es\/wp-json\/wp\/v2\/media?parent=4737"}],"curies":[{"name":"wp","href":"https:\/\/api.w.org\/{rel}","templated":true}]}}