{"id":1625,"date":"2024-03-22T16:09:37","date_gmt":"2024-03-22T10:39:37","guid":{"rendered":"https:\/\/w-master-directory.com\/?page_id=1625"},"modified":"2025-08-10T10:25:04","modified_gmt":"2025-08-10T04:55:04","slug":"homepage","status":"publish","type":"page","link":"https:\/\/srilankatravelpages.com\/fr\/","title":{"rendered":"Main"},"content":{"rendered":"","protected":false},"excerpt":{"rendered":"","protected":false},"author":1,"featured_media":4322,"parent":0,"menu_order":0,"comment_status":"closed","ping_status":"closed","template":"","meta":{"_acf_changed":false,"footnotes":""},"class_list":["post-1625","page","type-page","status-publish","has-post-thumbnail","hentry"],"acf":[],"yoast_head":"<!-- This site is optimized with the Yoast SEO Premium plugin v26.9 (Yoast SEO v26.9) - https:\/\/yoast.com\/product\/yoast-seo-premium-wordpress\/ -->\n<title>Top Rated Attractions in Sri Lanka | Sri Lanka Tourism | SLTP<\/title>\n<meta name=\"description\" content=\"Explore Sri Lanka most captivating tourist attractions, which seamlessly blend the wonders of nature, rich historical heritage, and diverse wildlife. Explore the best places to visit Sri Lanka, from pristine beaches and national parks to ancient temples and exotic fauna.\" \/>\n<meta name=\"robots\" content=\"index, follow, max-snippet:-1, max-image-preview:large, max-video-preview:-1\" \/>\n<link rel=\"canonical\" href=\"https:\/\/srilankatravelpages.com\/fr\/\" \/>\n<meta property=\"og:locale\" content=\"fr_FR\" \/>\n<meta property=\"og:type\" content=\"article\" \/>\n<meta property=\"og:title\" content=\"Top Rated Tourist Attraction Places in Sri Lanka | Sri Lanka Tourism | SLTP\" \/>\n<meta property=\"og:description\" content=\"Explore Sri Lanka most captivating tourist attractions, which seamlessly blend the wonders of nature, rich historical heritage, and diverse wildlife. Explore the best places to visit Sri Lanka, from pristine beaches and national parks to ancient temples and exotic fauna.\" \/>\n<meta property=\"og:url\" content=\"https:\/\/srilankatravelpages.com\/fr\/\" \/>\n<meta property=\"og:site_name\" content=\"Top Rated Tourist Attraction Places in Sri Lanka | Sri Lanka Travel Pages\" \/>\n<meta property=\"article:modified_time\" content=\"2025-08-10T04:55:04+00:00\" \/>\n<meta property=\"og:image\" content=\"https:\/\/srilankatravelpages.com\/wp-content\/uploads\/2021\/10\/sigi.jpg\" \/>\n\t<meta property=\"og:image:width\" content=\"1000\" \/>\n\t<meta property=\"og:image:height\" content=\"706\" \/>\n\t<meta property=\"og:image:type\" content=\"image\/jpeg\" \/>\n<meta name=\"twitter:card\" content=\"summary_large_image\" \/>\n<meta name=\"twitter:title\" content=\"Top Rated Tourist Attraction Places in Sri Lanka | Sri Lanka Tourism | SLTP\" \/>\n<meta name=\"twitter:label1\" content=\"Dur\u00e9e de lecture estim\u00e9e\" \/>\n\t<meta name=\"twitter:data1\" content=\"9 minutes\" \/>\n<script type=\"application\/ld+json\" class=\"yoast-schema-graph\">{\"@context\":\"https:\/\/schema.org\",\"@graph\":[{\"@type\":\"WebPage\",\"@id\":\"https:\/\/srilankatravelpages.com\/ja\/\",\"url\":\"https:\/\/srilankatravelpages.com\/ja\/\",\"name\":\"Top Rated Attractions in Sri Lanka | Sri Lanka Tourism | SLTP\",\"isPartOf\":{\"@id\":\"https:\/\/srilankatravelpages.com\/ja\/#website\"},\"primaryImageOfPage\":{\"@id\":\"https:\/\/srilankatravelpages.com\/ja\/#primaryimage\"},\"image\":{\"@id\":\"https:\/\/srilankatravelpages.com\/ja\/#primaryimage\"},\"thumbnailUrl\":\"https:\/\/srilankatravelpages.com\/wp-content\/uploads\/2021\/10\/sigi.jpg\",\"datePublished\":\"2024-03-22T10:39:37+00:00\",\"dateModified\":\"2025-08-10T04:55:04+00:00\",\"description\":\"Explore Sri Lanka most captivating tourist attractions, which seamlessly blend the wonders of nature, rich historical heritage, and diverse wildlife. Explore the best places to visit Sri Lanka, from pristine beaches and national parks to ancient temples and exotic fauna.\",\"breadcrumb\":{\"@id\":\"https:\/\/srilankatravelpages.com\/ja\/#breadcrumb\"},\"inLanguage\":\"fr-FR\",\"potentialAction\":[{\"@type\":\"ReadAction\",\"target\":[\"https:\/\/srilankatravelpages.com\/ja\/\"]}]},{\"@type\":\"ImageObject\",\"inLanguage\":\"fr-FR\",\"@id\":\"https:\/\/srilankatravelpages.com\/ja\/#primaryimage\",\"url\":\"https:\/\/srilankatravelpages.com\/wp-content\/uploads\/2021\/10\/sigi.jpg\",\"contentUrl\":\"https:\/\/srilankatravelpages.com\/wp-content\/uploads\/2021\/10\/sigi.jpg\",\"width\":\"1000\",\"height\":\"706\"},{\"@type\":\"BreadcrumbList\",\"@id\":\"https:\/\/srilankatravelpages.com\/ja\/#breadcrumb\",\"itemListElement\":[{\"@type\":\"ListItem\",\"position\":1,\"name\":\"Home\",\"item\":\"https:\/\/srilankatravelpages.com\/ja\/\"},{\"@type\":\"ListItem\",\"position\":2,\"name\":\"Main\"}]},{\"@type\":\"WebSite\",\"@id\":\"https:\/\/srilankatravelpages.com\/ja\/#website\",\"url\":\"https:\/\/srilankatravelpages.com\/ja\/\",\"name\":\"Top Rated Tourist Attraction Places in Sri Lanka | Sri Lanka Travel Pages\",\"description\":\"Top Rated Tourist Attraction Places in Sri Lanka\",\"potentialAction\":[{\"@type\":\"SearchAction\",\"target\":{\"@type\":\"EntryPoint\",\"urlTemplate\":\"https:\/\/srilankatravelpages.com\/ja\/?s={search_term_string}\"},\"query-input\":{\"@type\":\"PropertyValueSpecification\",\"valueRequired\":true,\"valueName\":\"search_term_string\"}}],\"inLanguage\":\"fr-FR\"}]}<\/script>\n<!-- \/ Yoast SEO Premium plugin. -->","yoast_head_json":{"title":"Principales attractions touristiques du Sri Lanka | Tourisme au Sri Lanka | SLTP","description":"Explorez les sites touristiques les plus captivants du Sri Lanka, o\u00f9 se m\u00ealent harmonieusement merveilles naturelles, riche patrimoine historique et faune diversifi\u00e9e. D\u00e9couvrez les plus beaux endroits \u00e0 visiter au Sri Lanka, des plages immacul\u00e9es aux parcs nationaux, en passant par les temples anciens et la faune exotique.","robots":{"index":"index","follow":"follow","max-snippet":"max-snippet:-1","max-image-preview":"max-image-preview:large","max-video-preview":"max-video-preview:-1"},"canonical":"https:\/\/srilankatravelpages.com\/fr\/","og_locale":"fr_FR","og_type":"article","og_title":"Top Rated Tourist Attraction Places in Sri Lanka | Sri Lanka Tourism | SLTP","og_description":"Explore Sri Lanka most captivating tourist attractions, which seamlessly blend the wonders of nature, rich historical heritage, and diverse wildlife. Explore the best places to visit Sri Lanka, from pristine beaches and national parks to ancient temples and exotic fauna.","og_url":"https:\/\/srilankatravelpages.com\/fr\/","og_site_name":"Top Rated Tourist Attraction Places in Sri Lanka | Sri Lanka Travel Pages","article_modified_time":"2025-08-10T04:55:04+00:00","og_image":[{"width":1000,"height":706,"url":"https:\/\/srilankatravelpages.com\/wp-content\/uploads\/2021\/10\/sigi.jpg","type":"image\/jpeg"}],"twitter_card":"summary_large_image","twitter_title":"Top Rated Tourist Attraction Places in Sri Lanka | Sri Lanka Tourism | SLTP","twitter_misc":{"Dur\u00e9e de lecture estim\u00e9e":"9 minutes"},"schema":{"@context":"https:\/\/schema.org","@graph":[{"@type":"WebPage","@id":"https:\/\/srilankatravelpages.com\/ja\/","url":"https:\/\/srilankatravelpages.com\/ja\/","name":"Principales attractions touristiques du Sri Lanka | Tourisme au Sri Lanka | SLTP","isPartOf":{"@id":"https:\/\/srilankatravelpages.com\/ja\/#website"},"primaryImageOfPage":{"@id":"https:\/\/srilankatravelpages.com\/ja\/#primaryimage"},"image":{"@id":"https:\/\/srilankatravelpages.com\/ja\/#primaryimage"},"thumbnailUrl":"https:\/\/srilankatravelpages.com\/wp-content\/uploads\/2021\/10\/sigi.jpg","datePublished":"2024-03-22T10:39:37+00:00","dateModified":"2025-08-10T04:55:04+00:00","description":"Explorez les sites touristiques les plus captivants du Sri Lanka, o\u00f9 se m\u00ealent harmonieusement merveilles naturelles, riche patrimoine historique et faune diversifi\u00e9e. D\u00e9couvrez les plus beaux endroits \u00e0 visiter au Sri Lanka, des plages immacul\u00e9es aux parcs nationaux, en passant par les temples anciens et la faune exotique.","breadcrumb":{"@id":"https:\/\/srilankatravelpages.com\/ja\/#breadcrumb"},"inLanguage":"fr-FR","potentialAction":[{"@type":"ReadAction","target":["https:\/\/srilankatravelpages.com\/ja\/"]}]},{"@type":"ImageObject","inLanguage":"fr-FR","@id":"https:\/\/srilankatravelpages.com\/ja\/#primaryimage","url":"https:\/\/srilankatravelpages.com\/wp-content\/uploads\/2021\/10\/sigi.jpg","contentUrl":"https:\/\/srilankatravelpages.com\/wp-content\/uploads\/2021\/10\/sigi.jpg","width":"1000","height":"706"},{"@type":"BreadcrumbList","@id":"https:\/\/srilankatravelpages.com\/ja\/#breadcrumb","itemListElement":[{"@type":"ListItem","position":1,"name":"Home","item":"https:\/\/srilankatravelpages.com\/ja\/"},{"@type":"ListItem","position":2,"name":"Main"}]},{"@type":"WebSite","@id":"https:\/\/srilankatravelpages.com\/ja\/#website","url":"https:\/\/srilankatravelpages.com\/ja\/","name":"Sites touristiques incontournables au Sri Lanka | Pages de voyage au Sri Lanka","description":"Sites touristiques les plus populaires au Sri Lanka","potentialAction":[{"@type":"SearchAction","target":{"@type":"EntryPoint","urlTemplate":"https:\/\/srilankatravelpages.com\/ja\/?s={search_term_string}"},"query-input":{"@type":"PropertyValueSpecification","valueRequired":true,"valueName":"search_term_string"}}],"inLanguage":"fr-FR"}]}},"_links":{"self":[{"href":"https:\/\/srilankatravelpages.com\/fr\/wp-json\/wp\/v2\/pages\/1625","targetHints":{"allow":["GET"]}}],"collection":[{"href":"https:\/\/srilankatravelpages.com\/fr\/wp-json\/wp\/v2\/pages"}],"about":[{"href":"https:\/\/srilankatravelpages.com\/fr\/wp-json\/wp\/v2\/types\/page"}],"author":[{"embeddable":true,"href":"https:\/\/srilankatravelpages.com\/fr\/wp-json\/wp\/v2\/users\/1"}],"replies":[{"embeddable":true,"href":"https:\/\/srilankatravelpages.com\/fr\/wp-json\/wp\/v2\/comments?post=1625"}],"version-history":[{"count":0,"href":"https:\/\/srilankatravelpages.com\/fr\/wp-json\/wp\/v2\/pages\/1625\/revisions"}],"wp:featuredmedia":[{"embeddable":true,"href":"https:\/\/srilankatravelpages.com\/fr\/wp-json\/wp\/v2\/media\/4322"}],"wp:attachment":[{"href":"https:\/\/srilankatravelpages.com\/fr\/wp-json\/wp\/v2\/media?parent=1625"}],"curies":[{"name":"wp","href":"https:\/\/api.w.org\/{rel}","templated":true}]}}