{"id":18040,"date":"2024-03-22T16:22:02","date_gmt":"2024-03-22T10:52:02","guid":{"rendered":"https:\/\/srilankatravelpages.com\/?page_id=18040"},"modified":"2024-01-07T06:38:46","modified_gmt":"2024-01-07T01:08:46","slug":"instructions-pour-la-navigation-sur-lapplication-et-le-site-web-des-pages-de-voyage-du-sri-lanka","status":"publish","type":"page","link":"https:\/\/srilankatravelpages.com\/fr\/instructions-pour-la-navigation-sur-lapplication-et-le-site-web-des-pages-de-voyage-du-sri-lanka\/","title":{"rendered":"Instructions pour la navigation sur l&#039;application et le site web Sri Lanka Travel Pages\u00a0"},"content":{"rendered":"","protected":false},"excerpt":{"rendered":"","protected":false},"author":1,"featured_media":18084,"parent":0,"menu_order":0,"comment_status":"closed","ping_status":"closed","template":"","meta":{"_acf_changed":false,"footnotes":""},"class_list":["post-18040","page","type-page","status-publish","has-post-thumbnail","hentry"],"acf":[],"yoast_head":"<!-- This site is optimized with the Yoast SEO Premium plugin v26.9 (Yoast SEO v26.9) - https:\/\/yoast.com\/product\/yoast-seo-premium-wordpress\/ -->\n<title>Instructions for Sri Lanka Travel Pages App and Website Navigation\u00a0<\/title>\n<meta name=\"description\" content=\"Journey through the vibrant culture, stunning landscapes, and rich history of Sri Lanka with our Sri Lanka Travel Pages app and mobile-friendly website Navigation Instructions.\" \/>\n<meta name=\"robots\" content=\"index, follow, max-snippet:-1, max-image-preview:large, max-video-preview:-1\" \/>\n<link rel=\"canonical\" href=\"https:\/\/srilankatravelpages.com\/fr\/instructions-pour-la-navigation-sur-lapplication-et-le-site-web-des-pages-de-voyage-du-sri-lanka\/\" \/>\n<meta property=\"og:locale\" content=\"fr_FR\" \/>\n<meta property=\"og:type\" content=\"article\" \/>\n<meta property=\"og:title\" content=\"Instructions for Sri Lanka Travel Pages App and Website Navigation\u00a0\" \/>\n<meta property=\"og:description\" content=\"Journey through the vibrant culture, stunning landscapes, and rich history of Sri Lanka with our Sri Lanka Travel Pages app and mobile-friendly website Navigation Instructions.\" \/>\n<meta property=\"og:url\" content=\"https:\/\/srilankatravelpages.com\/fr\/instructions-pour-la-navigation-sur-lapplication-et-le-site-web-des-pages-de-voyage-du-sri-lanka\/\" \/>\n<meta property=\"og:site_name\" content=\"Top Rated Tourist Attraction Places in Sri Lanka | Sri Lanka Travel Pages\" \/>\n<meta property=\"og:image\" content=\"https:\/\/srilankatravelpages.com\/wp-content\/uploads\/2024\/01\/Explore-Mobile-1-1.jpg\" \/>\n\t<meta property=\"og:image:width\" content=\"1200\" \/>\n\t<meta property=\"og:image:height\" content=\"800\" \/>\n\t<meta property=\"og:image:type\" content=\"image\/jpeg\" \/>\n<meta name=\"twitter:card\" content=\"summary_large_image\" \/>\n<meta name=\"twitter:label1\" content=\"Dur\u00e9e de lecture estim\u00e9e\" \/>\n\t<meta name=\"twitter:data1\" content=\"13 minutes\" \/>\n<script type=\"application\/ld+json\" class=\"yoast-schema-graph\">{\"@context\":\"https:\/\/schema.org\",\"@graph\":[{\"@type\":\"WebPage\",\"@id\":\"https:\/\/srilankatravelpages.com\/instructions-for-sri-lanka-travel-pages-app-and-website-navigation\/\",\"url\":\"https:\/\/srilankatravelpages.com\/instructions-for-sri-lanka-travel-pages-app-and-website-navigation\/\",\"name\":\"Instructions for Sri Lanka Travel Pages App and Website Navigation\u00a0\",\"isPartOf\":{\"@id\":\"https:\/\/srilankatravelpages.com\/ja\/#website\"},\"primaryImageOfPage\":{\"@id\":\"https:\/\/srilankatravelpages.com\/instructions-for-sri-lanka-travel-pages-app-and-website-navigation\/#primaryimage\"},\"image\":{\"@id\":\"https:\/\/srilankatravelpages.com\/instructions-for-sri-lanka-travel-pages-app-and-website-navigation\/#primaryimage\"},\"thumbnailUrl\":\"https:\/\/srilankatravelpages.com\/wp-content\/uploads\/2024\/01\/Explore-Mobile-1-1.jpg\",\"datePublished\":\"2024-03-22T10:52:02+00:00\",\"description\":\"Journey through the vibrant culture, stunning landscapes, and rich history of Sri Lanka with our Sri Lanka Travel Pages app and mobile-friendly website Navigation Instructions.\",\"breadcrumb\":{\"@id\":\"https:\/\/srilankatravelpages.com\/instructions-for-sri-lanka-travel-pages-app-and-website-navigation\/#breadcrumb\"},\"inLanguage\":\"fr-FR\",\"potentialAction\":[{\"@type\":\"ReadAction\",\"target\":[\"https:\/\/srilankatravelpages.com\/instructions-for-sri-lanka-travel-pages-app-and-website-navigation\/\"]}]},{\"@type\":\"ImageObject\",\"inLanguage\":\"fr-FR\",\"@id\":\"https:\/\/srilankatravelpages.com\/instructions-for-sri-lanka-travel-pages-app-and-website-navigation\/#primaryimage\",\"url\":\"https:\/\/srilankatravelpages.com\/wp-content\/uploads\/2024\/01\/Explore-Mobile-1-1.jpg\",\"contentUrl\":\"https:\/\/srilankatravelpages.com\/wp-content\/uploads\/2024\/01\/Explore-Mobile-1-1.jpg\",\"width\":1200,\"height\":800},{\"@type\":\"BreadcrumbList\",\"@id\":\"https:\/\/srilankatravelpages.com\/instructions-for-sri-lanka-travel-pages-app-and-website-navigation\/#breadcrumb\",\"itemListElement\":[{\"@type\":\"ListItem\",\"position\":1,\"name\":\"Home\",\"item\":\"https:\/\/srilankatravelpages.com\/ja\/\"},{\"@type\":\"ListItem\",\"position\":2,\"name\":\"Instructions for Sri Lanka Travel Pages App and Website Navigation\u00a0\"}]},{\"@type\":\"WebSite\",\"@id\":\"https:\/\/srilankatravelpages.com\/ja\/#website\",\"url\":\"https:\/\/srilankatravelpages.com\/ja\/\",\"name\":\"Top Rated Tourist Attraction Places in Sri Lanka | Sri Lanka Travel Pages\",\"description\":\"Top Rated Tourist Attraction Places in Sri Lanka\",\"potentialAction\":[{\"@type\":\"SearchAction\",\"target\":{\"@type\":\"EntryPoint\",\"urlTemplate\":\"https:\/\/srilankatravelpages.com\/ja\/?s={search_term_string}\"},\"query-input\":{\"@type\":\"PropertyValueSpecification\",\"valueRequired\":true,\"valueName\":\"search_term_string\"}}],\"inLanguage\":\"fr-FR\"}]}<\/script>\n<!-- \/ Yoast SEO Premium plugin. -->","yoast_head_json":{"title":"Instructions pour la navigation sur l&#039;application et le site web Sri Lanka Travel Pages\u00a0","description":"Partez \u00e0 la d\u00e9couverte de la culture vibrante, des paysages \u00e9poustouflants et de la riche histoire du Sri Lanka gr\u00e2ce \u00e0 notre application Sri Lanka Travel Pages et \u00e0 notre site Web optimis\u00e9 pour les mobiles. Instructions de navigation.","robots":{"index":"index","follow":"follow","max-snippet":"max-snippet:-1","max-image-preview":"max-image-preview:large","max-video-preview":"max-video-preview:-1"},"canonical":"https:\/\/srilankatravelpages.com\/fr\/instructions-pour-la-navigation-sur-lapplication-et-le-site-web-des-pages-de-voyage-du-sri-lanka\/","og_locale":"fr_FR","og_type":"article","og_title":"Instructions for Sri Lanka Travel Pages App and Website Navigation\u00a0","og_description":"Journey through the vibrant culture, stunning landscapes, and rich history of Sri Lanka with our Sri Lanka Travel Pages app and mobile-friendly website Navigation Instructions.","og_url":"https:\/\/srilankatravelpages.com\/fr\/instructions-pour-la-navigation-sur-lapplication-et-le-site-web-des-pages-de-voyage-du-sri-lanka\/","og_site_name":"Top Rated Tourist Attraction Places in Sri Lanka | Sri Lanka Travel Pages","og_image":[{"width":1200,"height":800,"url":"https:\/\/srilankatravelpages.com\/wp-content\/uploads\/2024\/01\/Explore-Mobile-1-1.jpg","type":"image\/jpeg"}],"twitter_card":"summary_large_image","twitter_misc":{"Dur\u00e9e de lecture estim\u00e9e":"13 minutes"},"schema":{"@context":"https:\/\/schema.org","@graph":[{"@type":"WebPage","@id":"https:\/\/srilankatravelpages.com\/instructions-for-sri-lanka-travel-pages-app-and-website-navigation\/","url":"https:\/\/srilankatravelpages.com\/instructions-for-sri-lanka-travel-pages-app-and-website-navigation\/","name":"Instructions pour la navigation sur l&#039;application et le site web Sri Lanka Travel Pages\u00a0","isPartOf":{"@id":"https:\/\/srilankatravelpages.com\/ja\/#website"},"primaryImageOfPage":{"@id":"https:\/\/srilankatravelpages.com\/instructions-for-sri-lanka-travel-pages-app-and-website-navigation\/#primaryimage"},"image":{"@id":"https:\/\/srilankatravelpages.com\/instructions-for-sri-lanka-travel-pages-app-and-website-navigation\/#primaryimage"},"thumbnailUrl":"https:\/\/srilankatravelpages.com\/wp-content\/uploads\/2024\/01\/Explore-Mobile-1-1.jpg","datePublished":"2024-03-22T10:52:02+00:00","description":"Partez \u00e0 la d\u00e9couverte de la culture vibrante, des paysages \u00e9poustouflants et de la riche histoire du Sri Lanka gr\u00e2ce \u00e0 notre application Sri Lanka Travel Pages et \u00e0 notre site Web optimis\u00e9 pour les mobiles. Instructions de navigation.","breadcrumb":{"@id":"https:\/\/srilankatravelpages.com\/instructions-for-sri-lanka-travel-pages-app-and-website-navigation\/#breadcrumb"},"inLanguage":"fr-FR","potentialAction":[{"@type":"ReadAction","target":["https:\/\/srilankatravelpages.com\/instructions-for-sri-lanka-travel-pages-app-and-website-navigation\/"]}]},{"@type":"ImageObject","inLanguage":"fr-FR","@id":"https:\/\/srilankatravelpages.com\/instructions-for-sri-lanka-travel-pages-app-and-website-navigation\/#primaryimage","url":"https:\/\/srilankatravelpages.com\/wp-content\/uploads\/2024\/01\/Explore-Mobile-1-1.jpg","contentUrl":"https:\/\/srilankatravelpages.com\/wp-content\/uploads\/2024\/01\/Explore-Mobile-1-1.jpg","width":1200,"height":800},{"@type":"BreadcrumbList","@id":"https:\/\/srilankatravelpages.com\/instructions-for-sri-lanka-travel-pages-app-and-website-navigation\/#breadcrumb","itemListElement":[{"@type":"ListItem","position":1,"name":"Home","item":"https:\/\/srilankatravelpages.com\/ja\/"},{"@type":"ListItem","position":2,"name":"Instructions for Sri Lanka Travel Pages App and Website Navigation\u00a0"}]},{"@type":"WebSite","@id":"https:\/\/srilankatravelpages.com\/ja\/#website","url":"https:\/\/srilankatravelpages.com\/ja\/","name":"Sites touristiques incontournables au Sri Lanka | Pages de voyage au Sri Lanka","description":"Sites touristiques les plus populaires au Sri Lanka","potentialAction":[{"@type":"SearchAction","target":{"@type":"EntryPoint","urlTemplate":"https:\/\/srilankatravelpages.com\/ja\/?s={search_term_string}"},"query-input":{"@type":"PropertyValueSpecification","valueRequired":true,"valueName":"search_term_string"}}],"inLanguage":"fr-FR"}]}},"_links":{"self":[{"href":"https:\/\/srilankatravelpages.com\/fr\/wp-json\/wp\/v2\/pages\/18040","targetHints":{"allow":["GET"]}}],"collection":[{"href":"https:\/\/srilankatravelpages.com\/fr\/wp-json\/wp\/v2\/pages"}],"about":[{"href":"https:\/\/srilankatravelpages.com\/fr\/wp-json\/wp\/v2\/types\/page"}],"author":[{"embeddable":true,"href":"https:\/\/srilankatravelpages.com\/fr\/wp-json\/wp\/v2\/users\/1"}],"replies":[{"embeddable":true,"href":"https:\/\/srilankatravelpages.com\/fr\/wp-json\/wp\/v2\/comments?post=18040"}],"version-history":[{"count":0,"href":"https:\/\/srilankatravelpages.com\/fr\/wp-json\/wp\/v2\/pages\/18040\/revisions"}],"wp:featuredmedia":[{"embeddable":true,"href":"https:\/\/srilankatravelpages.com\/fr\/wp-json\/wp\/v2\/media\/18084"}],"wp:attachment":[{"href":"https:\/\/srilankatravelpages.com\/fr\/wp-json\/wp\/v2\/media?parent=18040"}],"curies":[{"name":"wp","href":"https:\/\/api.w.org\/{rel}","templated":true}]}}