{"id":19719,"date":"2024-03-22T16:37:30","date_gmt":"2024-03-22T11:07:30","guid":{"rendered":"https:\/\/srilankatravelpages.com\/?page_id=19719"},"modified":"2025-09-17T13:13:11","modified_gmt":"2025-09-17T07:43:11","slug":"dehiwala-mount-lavinia","status":"publish","type":"page","link":"https:\/\/srilankatravelpages.com\/fr\/dehiwala-mount-lavinia\/","title":{"rendered":"Dehiwala-Mont Lavinia"},"content":{"rendered":"","protected":false},"excerpt":{"rendered":"","protected":false},"author":1,"featured_media":19721,"parent":0,"menu_order":0,"comment_status":"closed","ping_status":"closed","template":"","meta":{"_acf_changed":false,"footnotes":""},"class_list":["post-19719","page","type-page","status-publish","has-post-thumbnail","hentry"],"acf":[],"yoast_head":"<!-- This site is optimized with the Yoast SEO Premium plugin v26.9 (Yoast SEO v26.9) - https:\/\/yoast.com\/product\/yoast-seo-premium-wordpress\/ -->\n<title>Dehiwala-Mount Lavinia<\/title>\n<meta name=\"description\" content=\"Dive into the rich history and vibrant culture of Dehiwala-Mount Lavinia, a key municipality in Sri Lanka, and discover its landmarks, traditions, and development.\" \/>\n<meta name=\"robots\" content=\"index, follow, max-snippet:-1, max-image-preview:large, max-video-preview:-1\" \/>\n<link rel=\"canonical\" href=\"https:\/\/srilankatravelpages.com\/fr\/dehiwala-mount-lavinia\/\" \/>\n<meta property=\"og:locale\" content=\"fr_FR\" \/>\n<meta property=\"og:type\" content=\"article\" \/>\n<meta property=\"og:title\" content=\"Dehiwala-Mount Lavinia\" \/>\n<meta property=\"og:description\" content=\"Dive into the rich history and vibrant culture of Dehiwala-Mount Lavinia, a key municipality in Sri Lanka, and discover its landmarks, traditions, and development.\" \/>\n<meta property=\"og:url\" content=\"https:\/\/srilankatravelpages.com\/fr\/dehiwala-mount-lavinia\/\" \/>\n<meta property=\"og:site_name\" content=\"Top Rated Tourist Attraction Places in Sri Lanka | Sri Lanka Travel Pages\" \/>\n<meta property=\"article:modified_time\" content=\"2025-09-17T07:43:11+00:00\" \/>\n<meta property=\"og:image\" content=\"https:\/\/srilankatravelpages.com\/wp-content\/uploads\/2024\/02\/Dehiwala-Mount-Lavinia.jpg\" \/>\n\t<meta property=\"og:image:width\" content=\"1280\" \/>\n\t<meta property=\"og:image:height\" content=\"720\" \/>\n\t<meta property=\"og:image:type\" content=\"image\/jpeg\" \/>\n<meta name=\"twitter:card\" content=\"summary_large_image\" \/>\n<meta name=\"twitter:label1\" content=\"Dur\u00e9e de lecture estim\u00e9e\" \/>\n\t<meta name=\"twitter:data1\" content=\"8 minutes\" \/>\n<script type=\"application\/ld+json\" class=\"yoast-schema-graph\">{\"@context\":\"https:\/\/schema.org\",\"@graph\":[{\"@type\":\"WebPage\",\"@id\":\"https:\/\/srilankatravelpages.com\/es\/dehiwala-mount-lavinia\/\",\"url\":\"https:\/\/srilankatravelpages.com\/es\/dehiwala-mount-lavinia\/\",\"name\":\"Dehiwala-Mount Lavinia\",\"isPartOf\":{\"@id\":\"https:\/\/srilankatravelpages.com\/ja\/#website\"},\"primaryImageOfPage\":{\"@id\":\"https:\/\/srilankatravelpages.com\/es\/dehiwala-mount-lavinia\/#primaryimage\"},\"image\":{\"@id\":\"https:\/\/srilankatravelpages.com\/es\/dehiwala-mount-lavinia\/#primaryimage\"},\"thumbnailUrl\":\"https:\/\/srilankatravelpages.com\/wp-content\/uploads\/2024\/02\/Dehiwala-Mount-Lavinia.jpg\",\"datePublished\":\"2024-03-22T11:07:30+00:00\",\"dateModified\":\"2025-09-17T07:43:11+00:00\",\"description\":\"Dive into the rich history and vibrant culture of Dehiwala-Mount Lavinia, a key municipality in Sri Lanka, and discover its landmarks, traditions, and development.\",\"breadcrumb\":{\"@id\":\"https:\/\/srilankatravelpages.com\/es\/dehiwala-mount-lavinia\/#breadcrumb\"},\"inLanguage\":\"fr-FR\",\"potentialAction\":[{\"@type\":\"ReadAction\",\"target\":[\"https:\/\/srilankatravelpages.com\/es\/dehiwala-mount-lavinia\/\"]}]},{\"@type\":\"ImageObject\",\"inLanguage\":\"fr-FR\",\"@id\":\"https:\/\/srilankatravelpages.com\/es\/dehiwala-mount-lavinia\/#primaryimage\",\"url\":\"https:\/\/srilankatravelpages.com\/wp-content\/uploads\/2024\/02\/Dehiwala-Mount-Lavinia.jpg\",\"contentUrl\":\"https:\/\/srilankatravelpages.com\/wp-content\/uploads\/2024\/02\/Dehiwala-Mount-Lavinia.jpg\",\"width\":1280,\"height\":720},{\"@type\":\"BreadcrumbList\",\"@id\":\"https:\/\/srilankatravelpages.com\/es\/dehiwala-mount-lavinia\/#breadcrumb\",\"itemListElement\":[{\"@type\":\"ListItem\",\"position\":1,\"name\":\"Home\",\"item\":\"https:\/\/srilankatravelpages.com\/ja\/\"},{\"@type\":\"ListItem\",\"position\":2,\"name\":\"Dehiwala-Mount Lavinia\"}]},{\"@type\":\"WebSite\",\"@id\":\"https:\/\/srilankatravelpages.com\/ja\/#website\",\"url\":\"https:\/\/srilankatravelpages.com\/ja\/\",\"name\":\"Top Rated Tourist Attraction Places in Sri Lanka | Sri Lanka Travel Pages\",\"description\":\"Top Rated Tourist Attraction Places in Sri Lanka\",\"potentialAction\":[{\"@type\":\"SearchAction\",\"target\":{\"@type\":\"EntryPoint\",\"urlTemplate\":\"https:\/\/srilankatravelpages.com\/ja\/?s={search_term_string}\"},\"query-input\":{\"@type\":\"PropertyValueSpecification\",\"valueRequired\":true,\"valueName\":\"search_term_string\"}}],\"inLanguage\":\"fr-FR\"}]}<\/script>\n<!-- \/ Yoast SEO Premium plugin. -->","yoast_head_json":{"title":"Dehiwala-Mont Lavinia","description":"Plongez au c\u0153ur de la riche histoire et de la culture vibrante de Dehiwala-Mount Lavinia, une municipalit\u00e9 cl\u00e9 du Sri Lanka, et d\u00e9couvrez ses monuments, ses traditions et son d\u00e9veloppement.","robots":{"index":"index","follow":"follow","max-snippet":"max-snippet:-1","max-image-preview":"max-image-preview:large","max-video-preview":"max-video-preview:-1"},"canonical":"https:\/\/srilankatravelpages.com\/fr\/dehiwala-mount-lavinia\/","og_locale":"fr_FR","og_type":"article","og_title":"Dehiwala-Mount Lavinia","og_description":"Dive into the rich history and vibrant culture of Dehiwala-Mount Lavinia, a key municipality in Sri Lanka, and discover its landmarks, traditions, and development.","og_url":"https:\/\/srilankatravelpages.com\/fr\/dehiwala-mount-lavinia\/","og_site_name":"Top Rated Tourist Attraction Places in Sri Lanka | Sri Lanka Travel Pages","article_modified_time":"2025-09-17T07:43:11+00:00","og_image":[{"width":1280,"height":720,"url":"https:\/\/srilankatravelpages.com\/wp-content\/uploads\/2024\/02\/Dehiwala-Mount-Lavinia.jpg","type":"image\/jpeg"}],"twitter_card":"summary_large_image","twitter_misc":{"Dur\u00e9e de lecture estim\u00e9e":"8 minutes"},"schema":{"@context":"https:\/\/schema.org","@graph":[{"@type":"WebPage","@id":"https:\/\/srilankatravelpages.com\/es\/dehiwala-mount-lavinia\/","url":"https:\/\/srilankatravelpages.com\/es\/dehiwala-mount-lavinia\/","name":"Dehiwala-Mont Lavinia","isPartOf":{"@id":"https:\/\/srilankatravelpages.com\/ja\/#website"},"primaryImageOfPage":{"@id":"https:\/\/srilankatravelpages.com\/es\/dehiwala-mount-lavinia\/#primaryimage"},"image":{"@id":"https:\/\/srilankatravelpages.com\/es\/dehiwala-mount-lavinia\/#primaryimage"},"thumbnailUrl":"https:\/\/srilankatravelpages.com\/wp-content\/uploads\/2024\/02\/Dehiwala-Mount-Lavinia.jpg","datePublished":"2024-03-22T11:07:30+00:00","dateModified":"2025-09-17T07:43:11+00:00","description":"Plongez au c\u0153ur de la riche histoire et de la culture vibrante de Dehiwala-Mount Lavinia, une municipalit\u00e9 cl\u00e9 du Sri Lanka, et d\u00e9couvrez ses monuments, ses traditions et son d\u00e9veloppement.","breadcrumb":{"@id":"https:\/\/srilankatravelpages.com\/es\/dehiwala-mount-lavinia\/#breadcrumb"},"inLanguage":"fr-FR","potentialAction":[{"@type":"ReadAction","target":["https:\/\/srilankatravelpages.com\/es\/dehiwala-mount-lavinia\/"]}]},{"@type":"ImageObject","inLanguage":"fr-FR","@id":"https:\/\/srilankatravelpages.com\/es\/dehiwala-mount-lavinia\/#primaryimage","url":"https:\/\/srilankatravelpages.com\/wp-content\/uploads\/2024\/02\/Dehiwala-Mount-Lavinia.jpg","contentUrl":"https:\/\/srilankatravelpages.com\/wp-content\/uploads\/2024\/02\/Dehiwala-Mount-Lavinia.jpg","width":1280,"height":720},{"@type":"BreadcrumbList","@id":"https:\/\/srilankatravelpages.com\/es\/dehiwala-mount-lavinia\/#breadcrumb","itemListElement":[{"@type":"ListItem","position":1,"name":"Home","item":"https:\/\/srilankatravelpages.com\/ja\/"},{"@type":"ListItem","position":2,"name":"Dehiwala-Mount Lavinia"}]},{"@type":"WebSite","@id":"https:\/\/srilankatravelpages.com\/ja\/#website","url":"https:\/\/srilankatravelpages.com\/ja\/","name":"Sites touristiques incontournables au Sri Lanka | Pages de voyage au Sri Lanka","description":"Sites touristiques les plus populaires au Sri Lanka","potentialAction":[{"@type":"SearchAction","target":{"@type":"EntryPoint","urlTemplate":"https:\/\/srilankatravelpages.com\/ja\/?s={search_term_string}"},"query-input":{"@type":"PropertyValueSpecification","valueRequired":true,"valueName":"search_term_string"}}],"inLanguage":"fr-FR"}]}},"_links":{"self":[{"href":"https:\/\/srilankatravelpages.com\/fr\/wp-json\/wp\/v2\/pages\/19719","targetHints":{"allow":["GET"]}}],"collection":[{"href":"https:\/\/srilankatravelpages.com\/fr\/wp-json\/wp\/v2\/pages"}],"about":[{"href":"https:\/\/srilankatravelpages.com\/fr\/wp-json\/wp\/v2\/types\/page"}],"author":[{"embeddable":true,"href":"https:\/\/srilankatravelpages.com\/fr\/wp-json\/wp\/v2\/users\/1"}],"replies":[{"embeddable":true,"href":"https:\/\/srilankatravelpages.com\/fr\/wp-json\/wp\/v2\/comments?post=19719"}],"version-history":[{"count":0,"href":"https:\/\/srilankatravelpages.com\/fr\/wp-json\/wp\/v2\/pages\/19719\/revisions"}],"wp:featuredmedia":[{"embeddable":true,"href":"https:\/\/srilankatravelpages.com\/fr\/wp-json\/wp\/v2\/media\/19721"}],"wp:attachment":[{"href":"https:\/\/srilankatravelpages.com\/fr\/wp-json\/wp\/v2\/media?parent=19719"}],"curies":[{"name":"wp","href":"https:\/\/api.w.org\/{rel}","templated":true}]}}