{"id":20192,"date":"2024-04-01T07:26:20","date_gmt":"2024-04-01T01:56:20","guid":{"rendered":"https:\/\/srilankatravelpages.com\/?page_id=20192"},"modified":"2024-04-01T10:07:47","modified_gmt":"2024-04-01T04:37:47","slug":"weligama","status":"publish","type":"page","link":"https:\/\/srilankatravelpages.com\/fr\/weligama\/","title":{"rendered":"Weligama"},"content":{"rendered":"","protected":false},"excerpt":{"rendered":"","protected":false},"author":1,"featured_media":20194,"parent":0,"menu_order":0,"comment_status":"closed","ping_status":"closed","template":"","meta":{"_acf_changed":false,"footnotes":""},"class_list":["post-20192","page","type-page","status-publish","has-post-thumbnail","hentry"],"acf":[],"yoast_head":"<!-- This site is optimized with the Yoast SEO Premium plugin v26.9 (Yoast SEO v26.9) - https:\/\/yoast.com\/product\/yoast-seo-premium-wordpress\/ -->\n<title>Weligama<\/title>\n<meta name=\"description\" content=\"Discover the enchanting coastal town of Weligama, Sri Lanka, where pristine beaches, rich culture, and warm hospitality await. Perfect for surfers, culture enthusiasts, and eco-tourists alike. Explore more for an unforgettable escape.\" \/>\n<meta name=\"robots\" content=\"index, follow, max-snippet:-1, max-image-preview:large, max-video-preview:-1\" \/>\n<link rel=\"canonical\" href=\"https:\/\/srilankatravelpages.com\/fr\/weligama\/\" \/>\n<meta property=\"og:locale\" content=\"fr_FR\" \/>\n<meta property=\"og:type\" content=\"article\" \/>\n<meta property=\"og:title\" content=\"Weligama\" \/>\n<meta property=\"og:description\" content=\"Discover the enchanting coastal town of Weligama, Sri Lanka, where pristine beaches, rich culture, and warm hospitality await. Perfect for surfers, culture enthusiasts, and eco-tourists alike. Explore more for an unforgettable escape.\" \/>\n<meta property=\"og:url\" content=\"https:\/\/srilankatravelpages.com\/fr\/weligama\/\" \/>\n<meta property=\"og:site_name\" content=\"Top Rated Tourist Attraction Places in Sri Lanka | Sri Lanka Travel Pages\" \/>\n<meta property=\"article:modified_time\" content=\"2024-04-01T04:37:47+00:00\" \/>\n<meta property=\"og:image\" content=\"https:\/\/srilankatravelpages.com\/wp-content\/uploads\/2024\/04\/Weligama.jpg\" \/>\n\t<meta property=\"og:image:width\" content=\"1280\" \/>\n\t<meta property=\"og:image:height\" content=\"720\" \/>\n\t<meta property=\"og:image:type\" content=\"image\/jpeg\" \/>\n<meta name=\"twitter:card\" content=\"summary_large_image\" \/>\n<meta name=\"twitter:label1\" content=\"Dur\u00e9e de lecture estim\u00e9e\" \/>\n\t<meta name=\"twitter:data1\" content=\"7 minutes\" \/>\n<script type=\"application\/ld+json\" class=\"yoast-schema-graph\">{\"@context\":\"https:\/\/schema.org\",\"@graph\":[{\"@type\":\"WebPage\",\"@id\":\"https:\/\/srilankatravelpages.com\/pl\/weligama\/\",\"url\":\"https:\/\/srilankatravelpages.com\/pl\/weligama\/\",\"name\":\"Weligama\",\"isPartOf\":{\"@id\":\"https:\/\/srilankatravelpages.com\/ja\/#website\"},\"primaryImageOfPage\":{\"@id\":\"https:\/\/srilankatravelpages.com\/pl\/weligama\/#primaryimage\"},\"image\":{\"@id\":\"https:\/\/srilankatravelpages.com\/pl\/weligama\/#primaryimage\"},\"thumbnailUrl\":\"https:\/\/srilankatravelpages.com\/wp-content\/uploads\/2024\/04\/Weligama.jpg\",\"datePublished\":\"2024-04-01T01:56:20+00:00\",\"dateModified\":\"2024-04-01T04:37:47+00:00\",\"description\":\"Discover the enchanting coastal town of Weligama, Sri Lanka, where pristine beaches, rich culture, and warm hospitality await. Perfect for surfers, culture enthusiasts, and eco-tourists alike. Explore more for an unforgettable escape.\",\"breadcrumb\":{\"@id\":\"https:\/\/srilankatravelpages.com\/pl\/weligama\/#breadcrumb\"},\"inLanguage\":\"fr-FR\",\"potentialAction\":[{\"@type\":\"ReadAction\",\"target\":[\"https:\/\/srilankatravelpages.com\/pl\/weligama\/\"]}]},{\"@type\":\"ImageObject\",\"inLanguage\":\"fr-FR\",\"@id\":\"https:\/\/srilankatravelpages.com\/pl\/weligama\/#primaryimage\",\"url\":\"https:\/\/srilankatravelpages.com\/wp-content\/uploads\/2024\/04\/Weligama.jpg\",\"contentUrl\":\"https:\/\/srilankatravelpages.com\/wp-content\/uploads\/2024\/04\/Weligama.jpg\",\"width\":1280,\"height\":720,\"caption\":\"Weligama\"},{\"@type\":\"BreadcrumbList\",\"@id\":\"https:\/\/srilankatravelpages.com\/pl\/weligama\/#breadcrumb\",\"itemListElement\":[{\"@type\":\"ListItem\",\"position\":1,\"name\":\"Home\",\"item\":\"https:\/\/srilankatravelpages.com\/ja\/\"},{\"@type\":\"ListItem\",\"position\":2,\"name\":\"Weligama\"}]},{\"@type\":\"WebSite\",\"@id\":\"https:\/\/srilankatravelpages.com\/ja\/#website\",\"url\":\"https:\/\/srilankatravelpages.com\/ja\/\",\"name\":\"Top Rated Tourist Attraction Places in Sri Lanka | Sri Lanka Travel Pages\",\"description\":\"Top Rated Tourist Attraction Places in Sri Lanka\",\"potentialAction\":[{\"@type\":\"SearchAction\",\"target\":{\"@type\":\"EntryPoint\",\"urlTemplate\":\"https:\/\/srilankatravelpages.com\/ja\/?s={search_term_string}\"},\"query-input\":{\"@type\":\"PropertyValueSpecification\",\"valueRequired\":true,\"valueName\":\"search_term_string\"}}],\"inLanguage\":\"fr-FR\"}]}<\/script>\n<!-- \/ Yoast SEO Premium plugin. -->","yoast_head_json":{"title":"Weligama","description":"D\u00e9couvrez Weligama, charmante ville c\u00f4ti\u00e8re du Sri Lanka, o\u00f9 plages immacul\u00e9es, culture riche et hospitalit\u00e9 chaleureuse vous attendent. Un lieu id\u00e9al pour les surfeurs, les passionn\u00e9s de culture et les adeptes de l&#039;\u00e9cotourisme. Pour une escapade inoubliable, poursuivez votre exploration.","robots":{"index":"index","follow":"follow","max-snippet":"max-snippet:-1","max-image-preview":"max-image-preview:large","max-video-preview":"max-video-preview:-1"},"canonical":"https:\/\/srilankatravelpages.com\/fr\/weligama\/","og_locale":"fr_FR","og_type":"article","og_title":"Weligama","og_description":"Discover the enchanting coastal town of Weligama, Sri Lanka, where pristine beaches, rich culture, and warm hospitality await. Perfect for surfers, culture enthusiasts, and eco-tourists alike. Explore more for an unforgettable escape.","og_url":"https:\/\/srilankatravelpages.com\/fr\/weligama\/","og_site_name":"Top Rated Tourist Attraction Places in Sri Lanka | Sri Lanka Travel Pages","article_modified_time":"2024-04-01T04:37:47+00:00","og_image":[{"width":1280,"height":720,"url":"https:\/\/srilankatravelpages.com\/wp-content\/uploads\/2024\/04\/Weligama.jpg","type":"image\/jpeg"}],"twitter_card":"summary_large_image","twitter_misc":{"Dur\u00e9e de lecture estim\u00e9e":"7 minutes"},"schema":{"@context":"https:\/\/schema.org","@graph":[{"@type":"WebPage","@id":"https:\/\/srilankatravelpages.com\/pl\/weligama\/","url":"https:\/\/srilankatravelpages.com\/pl\/weligama\/","name":"Weligama","isPartOf":{"@id":"https:\/\/srilankatravelpages.com\/ja\/#website"},"primaryImageOfPage":{"@id":"https:\/\/srilankatravelpages.com\/pl\/weligama\/#primaryimage"},"image":{"@id":"https:\/\/srilankatravelpages.com\/pl\/weligama\/#primaryimage"},"thumbnailUrl":"https:\/\/srilankatravelpages.com\/wp-content\/uploads\/2024\/04\/Weligama.jpg","datePublished":"2024-04-01T01:56:20+00:00","dateModified":"2024-04-01T04:37:47+00:00","description":"D\u00e9couvrez Weligama, charmante ville c\u00f4ti\u00e8re du Sri Lanka, o\u00f9 plages immacul\u00e9es, culture riche et hospitalit\u00e9 chaleureuse vous attendent. Un lieu id\u00e9al pour les surfeurs, les passionn\u00e9s de culture et les adeptes de l&#039;\u00e9cotourisme. Pour une escapade inoubliable, poursuivez votre exploration.","breadcrumb":{"@id":"https:\/\/srilankatravelpages.com\/pl\/weligama\/#breadcrumb"},"inLanguage":"fr-FR","potentialAction":[{"@type":"ReadAction","target":["https:\/\/srilankatravelpages.com\/pl\/weligama\/"]}]},{"@type":"ImageObject","inLanguage":"fr-FR","@id":"https:\/\/srilankatravelpages.com\/pl\/weligama\/#primaryimage","url":"https:\/\/srilankatravelpages.com\/wp-content\/uploads\/2024\/04\/Weligama.jpg","contentUrl":"https:\/\/srilankatravelpages.com\/wp-content\/uploads\/2024\/04\/Weligama.jpg","width":1280,"height":720,"caption":"Weligama"},{"@type":"BreadcrumbList","@id":"https:\/\/srilankatravelpages.com\/pl\/weligama\/#breadcrumb","itemListElement":[{"@type":"ListItem","position":1,"name":"Home","item":"https:\/\/srilankatravelpages.com\/ja\/"},{"@type":"ListItem","position":2,"name":"Weligama"}]},{"@type":"WebSite","@id":"https:\/\/srilankatravelpages.com\/ja\/#website","url":"https:\/\/srilankatravelpages.com\/ja\/","name":"Sites touristiques incontournables au Sri Lanka | Pages de voyage au Sri Lanka","description":"Sites touristiques les plus populaires au Sri Lanka","potentialAction":[{"@type":"SearchAction","target":{"@type":"EntryPoint","urlTemplate":"https:\/\/srilankatravelpages.com\/ja\/?s={search_term_string}"},"query-input":{"@type":"PropertyValueSpecification","valueRequired":true,"valueName":"search_term_string"}}],"inLanguage":"fr-FR"}]}},"_links":{"self":[{"href":"https:\/\/srilankatravelpages.com\/fr\/wp-json\/wp\/v2\/pages\/20192","targetHints":{"allow":["GET"]}}],"collection":[{"href":"https:\/\/srilankatravelpages.com\/fr\/wp-json\/wp\/v2\/pages"}],"about":[{"href":"https:\/\/srilankatravelpages.com\/fr\/wp-json\/wp\/v2\/types\/page"}],"author":[{"embeddable":true,"href":"https:\/\/srilankatravelpages.com\/fr\/wp-json\/wp\/v2\/users\/1"}],"replies":[{"embeddable":true,"href":"https:\/\/srilankatravelpages.com\/fr\/wp-json\/wp\/v2\/comments?post=20192"}],"version-history":[{"count":0,"href":"https:\/\/srilankatravelpages.com\/fr\/wp-json\/wp\/v2\/pages\/20192\/revisions"}],"wp:featuredmedia":[{"embeddable":true,"href":"https:\/\/srilankatravelpages.com\/fr\/wp-json\/wp\/v2\/media\/20194"}],"wp:attachment":[{"href":"https:\/\/srilankatravelpages.com\/fr\/wp-json\/wp\/v2\/media?parent=20192"}],"curies":[{"name":"wp","href":"https:\/\/api.w.org\/{rel}","templated":true}]}}