{"id":9854,"date":"2024-03-22T16:06:43","date_gmt":"2024-03-22T10:36:43","guid":{"rendered":"https:\/\/srilankatravelpages.com\/?page_id=9854"},"modified":"2024-03-31T04:32:48","modified_gmt":"2024-03-30T23:02:48","slug":"negombo","status":"publish","type":"page","link":"https:\/\/srilankatravelpages.com\/fr\/negombo\/","title":{"rendered":"Negombo"},"content":{"rendered":"","protected":false},"excerpt":{"rendered":"","protected":false},"author":1,"featured_media":20138,"parent":0,"menu_order":0,"comment_status":"closed","ping_status":"closed","template":"","meta":{"_acf_changed":false,"footnotes":""},"class_list":["post-9854","page","type-page","status-publish","has-post-thumbnail","hentry"],"acf":[],"yoast_head":"<!-- This site is optimized with the Yoast SEO Premium plugin v26.9 (Yoast SEO v26.9) - https:\/\/yoast.com\/product\/yoast-seo-premium-wordpress\/ -->\n<title>Negombo<\/title>\n<meta name=\"description\" content=\"Negombo is located in the Western Province of Sri Lanka, near the capital city of Colombo. It is known for its picturesque beaches and vibrant culture, making it a popular tourist destination.\" \/>\n<meta name=\"robots\" content=\"index, follow, max-snippet:-1, max-image-preview:large, max-video-preview:-1\" \/>\n<link rel=\"canonical\" href=\"https:\/\/srilankatravelpages.com\/fr\/negombo\/\" \/>\n<meta property=\"og:locale\" content=\"fr_FR\" \/>\n<meta property=\"og:type\" content=\"article\" \/>\n<meta property=\"og:title\" content=\"Negombo\" \/>\n<meta property=\"og:description\" content=\"Negombo is located in the Western Province of Sri Lanka, near the capital city of Colombo. It is known for its picturesque beaches and vibrant culture, making it a popular tourist destination.\" \/>\n<meta property=\"og:url\" content=\"https:\/\/srilankatravelpages.com\/fr\/negombo\/\" \/>\n<meta property=\"og:site_name\" content=\"Top Rated Tourist Attraction Places in Sri Lanka | Sri Lanka Travel Pages\" \/>\n<meta property=\"article:modified_time\" content=\"2024-03-30T23:02:48+00:00\" \/>\n<meta property=\"og:image\" content=\"https:\/\/srilankatravelpages.com\/wp-content\/uploads\/2024\/03\/Negombo.jpg\" \/>\n\t<meta property=\"og:image:width\" content=\"1280\" \/>\n\t<meta property=\"og:image:height\" content=\"720\" \/>\n\t<meta property=\"og:image:type\" content=\"image\/jpeg\" \/>\n<meta name=\"twitter:card\" content=\"summary_large_image\" \/>\n<meta name=\"twitter:label1\" content=\"Dur\u00e9e de lecture estim\u00e9e\" \/>\n\t<meta name=\"twitter:data1\" content=\"5 minutes\" \/>\n<script type=\"application\/ld+json\" class=\"yoast-schema-graph\">{\"@context\":\"https:\/\/schema.org\",\"@graph\":[{\"@type\":\"WebPage\",\"@id\":\"https:\/\/srilankatravelpages.com\/pl\/negombo\/\",\"url\":\"https:\/\/srilankatravelpages.com\/pl\/negombo\/\",\"name\":\"Negombo\",\"isPartOf\":{\"@id\":\"https:\/\/srilankatravelpages.com\/ja\/#website\"},\"primaryImageOfPage\":{\"@id\":\"https:\/\/srilankatravelpages.com\/pl\/negombo\/#primaryimage\"},\"image\":{\"@id\":\"https:\/\/srilankatravelpages.com\/pl\/negombo\/#primaryimage\"},\"thumbnailUrl\":\"https:\/\/srilankatravelpages.com\/wp-content\/uploads\/2024\/03\/Negombo.jpg\",\"datePublished\":\"2024-03-22T10:36:43+00:00\",\"dateModified\":\"2024-03-30T23:02:48+00:00\",\"description\":\"Negombo is located in the Western Province of Sri Lanka, near the capital city of Colombo. It is known for its picturesque beaches and vibrant culture, making it a popular tourist destination.\",\"breadcrumb\":{\"@id\":\"https:\/\/srilankatravelpages.com\/pl\/negombo\/#breadcrumb\"},\"inLanguage\":\"fr-FR\",\"potentialAction\":[{\"@type\":\"ReadAction\",\"target\":[\"https:\/\/srilankatravelpages.com\/pl\/negombo\/\"]}]},{\"@type\":\"ImageObject\",\"inLanguage\":\"fr-FR\",\"@id\":\"https:\/\/srilankatravelpages.com\/pl\/negombo\/#primaryimage\",\"url\":\"https:\/\/srilankatravelpages.com\/wp-content\/uploads\/2024\/03\/Negombo.jpg\",\"contentUrl\":\"https:\/\/srilankatravelpages.com\/wp-content\/uploads\/2024\/03\/Negombo.jpg\",\"width\":1280,\"height\":720,\"caption\":\"Negombo\"},{\"@type\":\"BreadcrumbList\",\"@id\":\"https:\/\/srilankatravelpages.com\/pl\/negombo\/#breadcrumb\",\"itemListElement\":[{\"@type\":\"ListItem\",\"position\":1,\"name\":\"Home\",\"item\":\"https:\/\/srilankatravelpages.com\/ja\/\"},{\"@type\":\"ListItem\",\"position\":2,\"name\":\"Negombo\"}]},{\"@type\":\"WebSite\",\"@id\":\"https:\/\/srilankatravelpages.com\/ja\/#website\",\"url\":\"https:\/\/srilankatravelpages.com\/ja\/\",\"name\":\"Top Rated Tourist Attraction Places in Sri Lanka | Sri Lanka Travel Pages\",\"description\":\"Top Rated Tourist Attraction Places in Sri Lanka\",\"potentialAction\":[{\"@type\":\"SearchAction\",\"target\":{\"@type\":\"EntryPoint\",\"urlTemplate\":\"https:\/\/srilankatravelpages.com\/ja\/?s={search_term_string}\"},\"query-input\":{\"@type\":\"PropertyValueSpecification\",\"valueRequired\":true,\"valueName\":\"search_term_string\"}}],\"inLanguage\":\"fr-FR\"}]}<\/script>\n<!-- \/ Yoast SEO Premium plugin. -->","yoast_head_json":{"title":"Negombo","description":"Negombo se situe dans la province occidentale du Sri Lanka, pr\u00e8s de la capitale Colombo. R\u00e9put\u00e9e pour ses plages pittoresques et sa culture dynamique, elle est une destination touristique pris\u00e9e.","robots":{"index":"index","follow":"follow","max-snippet":"max-snippet:-1","max-image-preview":"max-image-preview:large","max-video-preview":"max-video-preview:-1"},"canonical":"https:\/\/srilankatravelpages.com\/fr\/negombo\/","og_locale":"fr_FR","og_type":"article","og_title":"Negombo","og_description":"Negombo is located in the Western Province of Sri Lanka, near the capital city of Colombo. It is known for its picturesque beaches and vibrant culture, making it a popular tourist destination.","og_url":"https:\/\/srilankatravelpages.com\/fr\/negombo\/","og_site_name":"Top Rated Tourist Attraction Places in Sri Lanka | Sri Lanka Travel Pages","article_modified_time":"2024-03-30T23:02:48+00:00","og_image":[{"width":1280,"height":720,"url":"https:\/\/srilankatravelpages.com\/wp-content\/uploads\/2024\/03\/Negombo.jpg","type":"image\/jpeg"}],"twitter_card":"summary_large_image","twitter_misc":{"Dur\u00e9e de lecture estim\u00e9e":"5 minutes"},"schema":{"@context":"https:\/\/schema.org","@graph":[{"@type":"WebPage","@id":"https:\/\/srilankatravelpages.com\/pl\/negombo\/","url":"https:\/\/srilankatravelpages.com\/pl\/negombo\/","name":"Negombo","isPartOf":{"@id":"https:\/\/srilankatravelpages.com\/ja\/#website"},"primaryImageOfPage":{"@id":"https:\/\/srilankatravelpages.com\/pl\/negombo\/#primaryimage"},"image":{"@id":"https:\/\/srilankatravelpages.com\/pl\/negombo\/#primaryimage"},"thumbnailUrl":"https:\/\/srilankatravelpages.com\/wp-content\/uploads\/2024\/03\/Negombo.jpg","datePublished":"2024-03-22T10:36:43+00:00","dateModified":"2024-03-30T23:02:48+00:00","description":"Negombo se situe dans la province occidentale du Sri Lanka, pr\u00e8s de la capitale Colombo. R\u00e9put\u00e9e pour ses plages pittoresques et sa culture dynamique, elle est une destination touristique pris\u00e9e.","breadcrumb":{"@id":"https:\/\/srilankatravelpages.com\/pl\/negombo\/#breadcrumb"},"inLanguage":"fr-FR","potentialAction":[{"@type":"ReadAction","target":["https:\/\/srilankatravelpages.com\/pl\/negombo\/"]}]},{"@type":"ImageObject","inLanguage":"fr-FR","@id":"https:\/\/srilankatravelpages.com\/pl\/negombo\/#primaryimage","url":"https:\/\/srilankatravelpages.com\/wp-content\/uploads\/2024\/03\/Negombo.jpg","contentUrl":"https:\/\/srilankatravelpages.com\/wp-content\/uploads\/2024\/03\/Negombo.jpg","width":1280,"height":720,"caption":"Negombo"},{"@type":"BreadcrumbList","@id":"https:\/\/srilankatravelpages.com\/pl\/negombo\/#breadcrumb","itemListElement":[{"@type":"ListItem","position":1,"name":"Home","item":"https:\/\/srilankatravelpages.com\/ja\/"},{"@type":"ListItem","position":2,"name":"Negombo"}]},{"@type":"WebSite","@id":"https:\/\/srilankatravelpages.com\/ja\/#website","url":"https:\/\/srilankatravelpages.com\/ja\/","name":"Sites touristiques incontournables au Sri Lanka | Pages de voyage au Sri Lanka","description":"Sites touristiques les plus populaires au Sri Lanka","potentialAction":[{"@type":"SearchAction","target":{"@type":"EntryPoint","urlTemplate":"https:\/\/srilankatravelpages.com\/ja\/?s={search_term_string}"},"query-input":{"@type":"PropertyValueSpecification","valueRequired":true,"valueName":"search_term_string"}}],"inLanguage":"fr-FR"}]}},"_links":{"self":[{"href":"https:\/\/srilankatravelpages.com\/fr\/wp-json\/wp\/v2\/pages\/9854","targetHints":{"allow":["GET"]}}],"collection":[{"href":"https:\/\/srilankatravelpages.com\/fr\/wp-json\/wp\/v2\/pages"}],"about":[{"href":"https:\/\/srilankatravelpages.com\/fr\/wp-json\/wp\/v2\/types\/page"}],"author":[{"embeddable":true,"href":"https:\/\/srilankatravelpages.com\/fr\/wp-json\/wp\/v2\/users\/1"}],"replies":[{"embeddable":true,"href":"https:\/\/srilankatravelpages.com\/fr\/wp-json\/wp\/v2\/comments?post=9854"}],"version-history":[{"count":0,"href":"https:\/\/srilankatravelpages.com\/fr\/wp-json\/wp\/v2\/pages\/9854\/revisions"}],"wp:featuredmedia":[{"embeddable":true,"href":"https:\/\/srilankatravelpages.com\/fr\/wp-json\/wp\/v2\/media\/20138"}],"wp:attachment":[{"href":"https:\/\/srilankatravelpages.com\/fr\/wp-json\/wp\/v2\/media?parent=9854"}],"curies":[{"name":"wp","href":"https:\/\/api.w.org\/{rel}","templated":true}]}}