{"id":18645,"date":"2024-03-22T16:35:13","date_gmt":"2024-03-22T11:05:13","guid":{"rendered":"https:\/\/srilankatravelpages.com\/?page_id=18645"},"modified":"2024-02-04T08:17:16","modified_gmt":"2024-02-04T02:47:16","slug":"elapatha","status":"publish","type":"page","link":"https:\/\/srilankatravelpages.com\/pl\/elapatha\/","title":{"rendered":"Elapatha"},"content":{"rendered":"","protected":false},"excerpt":{"rendered":"","protected":false},"author":1,"featured_media":18647,"parent":0,"menu_order":0,"comment_status":"closed","ping_status":"closed","template":"","meta":{"_acf_changed":false,"footnotes":""},"class_list":["post-18645","page","type-page","status-publish","has-post-thumbnail","hentry"],"acf":[],"yoast_head":"<!-- This site is optimized with the Yoast SEO Premium plugin v26.9 (Yoast SEO v26.9) - https:\/\/yoast.com\/product\/yoast-seo-premium-wordpress\/ -->\n<title>Elapatha - Top Rated Tourist Attraction Places in Sri Lanka | Sri Lanka Travel Pages<\/title>\n<meta name=\"description\" content=\"Nestled in the verdant landscapes of the Sabaragamuwa Province, the town of Elapatha stands as a testament to the enduring spirit of Sri Lanka&#039;s rural heartland.\" \/>\n<meta name=\"robots\" content=\"index, follow, max-snippet:-1, max-image-preview:large, max-video-preview:-1\" \/>\n<link rel=\"canonical\" href=\"https:\/\/srilankatravelpages.com\/pl\/elapatha\/\" \/>\n<meta property=\"og:locale\" content=\"pl_PL\" \/>\n<meta property=\"og:type\" content=\"article\" \/>\n<meta property=\"og:title\" content=\"Elapatha\" \/>\n<meta property=\"og:description\" content=\"Nestled in the verdant landscapes of the Sabaragamuwa Province, the town of Elapatha stands as a testament to the enduring spirit of Sri Lanka&#039;s rural heartland.\" \/>\n<meta property=\"og:url\" content=\"https:\/\/srilankatravelpages.com\/pl\/elapatha\/\" \/>\n<meta property=\"og:site_name\" content=\"Top Rated Tourist Attraction Places in Sri Lanka | Sri Lanka Travel Pages\" \/>\n<meta property=\"og:image\" content=\"https:\/\/srilankatravelpages.com\/wp-content\/uploads\/2024\/02\/Elapatha-.jpg\" \/>\n\t<meta property=\"og:image:width\" content=\"1280\" \/>\n\t<meta property=\"og:image:height\" content=\"720\" \/>\n\t<meta property=\"og:image:type\" content=\"image\/jpeg\" \/>\n<meta name=\"twitter:card\" content=\"summary_large_image\" \/>\n<meta name=\"twitter:label1\" content=\"Szacowany czas czytania\" \/>\n\t<meta name=\"twitter:data1\" content=\"3 minuty\" \/>\n<script type=\"application\/ld+json\" class=\"yoast-schema-graph\">{\"@context\":\"https:\/\/schema.org\",\"@graph\":[{\"@type\":\"WebPage\",\"@id\":\"https:\/\/srilankatravelpages.com\/elapatha\/\",\"url\":\"https:\/\/srilankatravelpages.com\/elapatha\/\",\"name\":\"Elapatha - Top Rated Tourist Attraction Places in Sri Lanka | Sri Lanka Travel Pages\",\"isPartOf\":{\"@id\":\"https:\/\/srilankatravelpages.com\/ja\/#website\"},\"primaryImageOfPage\":{\"@id\":\"https:\/\/srilankatravelpages.com\/elapatha\/#primaryimage\"},\"image\":{\"@id\":\"https:\/\/srilankatravelpages.com\/elapatha\/#primaryimage\"},\"thumbnailUrl\":\"https:\/\/srilankatravelpages.com\/wp-content\/uploads\/2024\/02\/Elapatha-.jpg\",\"datePublished\":\"2024-03-22T11:05:13+00:00\",\"description\":\"Nestled in the verdant landscapes of the Sabaragamuwa Province, the town of Elapatha stands as a testament to the enduring spirit of Sri Lanka's rural heartland.\",\"breadcrumb\":{\"@id\":\"https:\/\/srilankatravelpages.com\/elapatha\/#breadcrumb\"},\"inLanguage\":\"pl-PL\",\"potentialAction\":[{\"@type\":\"ReadAction\",\"target\":[\"https:\/\/srilankatravelpages.com\/elapatha\/\"]}]},{\"@type\":\"ImageObject\",\"inLanguage\":\"pl-PL\",\"@id\":\"https:\/\/srilankatravelpages.com\/elapatha\/#primaryimage\",\"url\":\"https:\/\/srilankatravelpages.com\/wp-content\/uploads\/2024\/02\/Elapatha-.jpg\",\"contentUrl\":\"https:\/\/srilankatravelpages.com\/wp-content\/uploads\/2024\/02\/Elapatha-.jpg\",\"width\":1280,\"height\":720,\"caption\":\"Elapatha\"},{\"@type\":\"BreadcrumbList\",\"@id\":\"https:\/\/srilankatravelpages.com\/elapatha\/#breadcrumb\",\"itemListElement\":[{\"@type\":\"ListItem\",\"position\":1,\"name\":\"Home\",\"item\":\"https:\/\/srilankatravelpages.com\/ja\/\"},{\"@type\":\"ListItem\",\"position\":2,\"name\":\"Elapatha\"}]},{\"@type\":\"WebSite\",\"@id\":\"https:\/\/srilankatravelpages.com\/ja\/#website\",\"url\":\"https:\/\/srilankatravelpages.com\/ja\/\",\"name\":\"Top Rated Tourist Attraction Places in Sri Lanka | Sri Lanka Travel Pages\",\"description\":\"Top Rated Tourist Attraction Places in Sri Lanka\",\"potentialAction\":[{\"@type\":\"SearchAction\",\"target\":{\"@type\":\"EntryPoint\",\"urlTemplate\":\"https:\/\/srilankatravelpages.com\/ja\/?s={search_term_string}\"},\"query-input\":{\"@type\":\"PropertyValueSpecification\",\"valueRequired\":true,\"valueName\":\"search_term_string\"}}],\"inLanguage\":\"pl-PL\"}]}<\/script>\n<!-- \/ Yoast SEO Premium plugin. -->","yoast_head_json":{"title":"Elapatha - Top Rated Tourist Attraction Places in Sri Lanka | Sri Lanka Travel Pages","description":"Nestled in the verdant landscapes of the Sabaragamuwa Province, the town of Elapatha stands as a testament to the enduring spirit of Sri Lanka's rural heartland.","robots":{"index":"index","follow":"follow","max-snippet":"max-snippet:-1","max-image-preview":"max-image-preview:large","max-video-preview":"max-video-preview:-1"},"canonical":"https:\/\/srilankatravelpages.com\/pl\/elapatha\/","og_locale":"pl_PL","og_type":"article","og_title":"Elapatha","og_description":"Nestled in the verdant landscapes of the Sabaragamuwa Province, the town of Elapatha stands as a testament to the enduring spirit of Sri Lanka's rural heartland.","og_url":"https:\/\/srilankatravelpages.com\/pl\/elapatha\/","og_site_name":"Top Rated Tourist Attraction Places in Sri Lanka | Sri Lanka Travel Pages","og_image":[{"width":1280,"height":720,"url":"https:\/\/srilankatravelpages.com\/wp-content\/uploads\/2024\/02\/Elapatha-.jpg","type":"image\/jpeg"}],"twitter_card":"summary_large_image","twitter_misc":{"Szacowany czas czytania":"3 minuty"},"schema":{"@context":"https:\/\/schema.org","@graph":[{"@type":"WebPage","@id":"https:\/\/srilankatravelpages.com\/elapatha\/","url":"https:\/\/srilankatravelpages.com\/elapatha\/","name":"Elapatha - Top Rated Tourist Attraction Places in Sri Lanka | Sri Lanka Travel Pages","isPartOf":{"@id":"https:\/\/srilankatravelpages.com\/ja\/#website"},"primaryImageOfPage":{"@id":"https:\/\/srilankatravelpages.com\/elapatha\/#primaryimage"},"image":{"@id":"https:\/\/srilankatravelpages.com\/elapatha\/#primaryimage"},"thumbnailUrl":"https:\/\/srilankatravelpages.com\/wp-content\/uploads\/2024\/02\/Elapatha-.jpg","datePublished":"2024-03-22T11:05:13+00:00","description":"Nestled in the verdant landscapes of the Sabaragamuwa Province, the town of Elapatha stands as a testament to the enduring spirit of Sri Lanka's rural heartland.","breadcrumb":{"@id":"https:\/\/srilankatravelpages.com\/elapatha\/#breadcrumb"},"inLanguage":"pl-PL","potentialAction":[{"@type":"ReadAction","target":["https:\/\/srilankatravelpages.com\/elapatha\/"]}]},{"@type":"ImageObject","inLanguage":"pl-PL","@id":"https:\/\/srilankatravelpages.com\/elapatha\/#primaryimage","url":"https:\/\/srilankatravelpages.com\/wp-content\/uploads\/2024\/02\/Elapatha-.jpg","contentUrl":"https:\/\/srilankatravelpages.com\/wp-content\/uploads\/2024\/02\/Elapatha-.jpg","width":1280,"height":720,"caption":"Elapatha"},{"@type":"BreadcrumbList","@id":"https:\/\/srilankatravelpages.com\/elapatha\/#breadcrumb","itemListElement":[{"@type":"ListItem","position":1,"name":"Home","item":"https:\/\/srilankatravelpages.com\/ja\/"},{"@type":"ListItem","position":2,"name":"Elapatha"}]},{"@type":"WebSite","@id":"https:\/\/srilankatravelpages.com\/ja\/#website","url":"https:\/\/srilankatravelpages.com\/ja\/","name":"Najwy\u017cej oceniane atrakcje turystyczne na Sri Lance | Strony z podr\u00f3\u017cami po Sri Lance","description":"Najwy\u017cej oceniane atrakcje turystyczne na Sri Lance","potentialAction":[{"@type":"SearchAction","target":{"@type":"EntryPoint","urlTemplate":"https:\/\/srilankatravelpages.com\/ja\/?s={search_term_string}"},"query-input":{"@type":"PropertyValueSpecification","valueRequired":true,"valueName":"search_term_string"}}],"inLanguage":"pl-PL"}]}},"_links":{"self":[{"href":"https:\/\/srilankatravelpages.com\/pl\/wp-json\/wp\/v2\/pages\/18645","targetHints":{"allow":["GET"]}}],"collection":[{"href":"https:\/\/srilankatravelpages.com\/pl\/wp-json\/wp\/v2\/pages"}],"about":[{"href":"https:\/\/srilankatravelpages.com\/pl\/wp-json\/wp\/v2\/types\/page"}],"author":[{"embeddable":true,"href":"https:\/\/srilankatravelpages.com\/pl\/wp-json\/wp\/v2\/users\/1"}],"replies":[{"embeddable":true,"href":"https:\/\/srilankatravelpages.com\/pl\/wp-json\/wp\/v2\/comments?post=18645"}],"version-history":[{"count":0,"href":"https:\/\/srilankatravelpages.com\/pl\/wp-json\/wp\/v2\/pages\/18645\/revisions"}],"wp:featuredmedia":[{"embeddable":true,"href":"https:\/\/srilankatravelpages.com\/pl\/wp-json\/wp\/v2\/media\/18647"}],"wp:attachment":[{"href":"https:\/\/srilankatravelpages.com\/pl\/wp-json\/wp\/v2\/media?parent=18645"}],"curies":[{"name":"wp","href":"https:\/\/api.w.org\/{rel}","templated":true}]}}