{"id":19049,"date":"2024-03-22T16:24:56","date_gmt":"2024-03-22T10:54:56","guid":{"rendered":"https:\/\/srilankatravelpages.com\/?page_id=19049"},"modified":"2024-02-05T11:34:34","modified_gmt":"2024-02-05T06:04:34","slug":"kolumna","status":"publish","type":"page","link":"https:\/\/srilankatravelpages.com\/pl\/kolumna\/","title":{"rendered":"Kolonna"},"content":{"rendered":"","protected":false},"excerpt":{"rendered":"","protected":false},"author":1,"featured_media":19050,"parent":0,"menu_order":0,"comment_status":"closed","ping_status":"closed","template":"","meta":{"_acf_changed":false,"footnotes":""},"class_list":["post-19049","page","type-page","status-publish","has-post-thumbnail","hentry"],"acf":[],"yoast_head":"<!-- This site is optimized with the Yoast SEO Premium plugin v26.9 (Yoast SEO v26.9) - https:\/\/yoast.com\/product\/yoast-seo-premium-wordpress\/ -->\n<title>Kolonna<\/title>\n<meta name=\"description\" content=\"Explore the enchanting town of Kolonna in Ratnapura District, a serene gateway near the Sinharaja Forest known for its rich gem mining and tea plantations. Learn how to reach this untouched paradise with our travel guide.\" \/>\n<meta name=\"robots\" content=\"index, follow, max-snippet:-1, max-image-preview:large, max-video-preview:-1\" \/>\n<link rel=\"canonical\" href=\"https:\/\/srilankatravelpages.com\/pl\/kolumna\/\" \/>\n<meta property=\"og:locale\" content=\"pl_PL\" \/>\n<meta property=\"og:type\" content=\"article\" \/>\n<meta property=\"og:title\" content=\"Kolonna\" \/>\n<meta property=\"og:description\" content=\"Explore the enchanting town of Kolonna in Ratnapura District, a serene gateway near the Sinharaja Forest known for its rich gem mining and tea plantations. Learn how to reach this untouched paradise with our travel guide.\" \/>\n<meta property=\"og:url\" content=\"https:\/\/srilankatravelpages.com\/pl\/kolumna\/\" \/>\n<meta property=\"og:site_name\" content=\"Top Rated Tourist Attraction Places in Sri Lanka | Sri Lanka Travel Pages\" \/>\n<meta property=\"og:image\" content=\"https:\/\/srilankatravelpages.com\/wp-content\/uploads\/2024\/02\/Kolonna.jpg\" \/>\n\t<meta property=\"og:image:width\" content=\"1280\" \/>\n\t<meta property=\"og:image:height\" content=\"720\" \/>\n\t<meta property=\"og:image:type\" content=\"image\/jpeg\" \/>\n<meta name=\"twitter:card\" content=\"summary_large_image\" \/>\n<meta name=\"twitter:label1\" content=\"Szacowany czas czytania\" \/>\n\t<meta name=\"twitter:data1\" content=\"4 minuty\" \/>\n<script type=\"application\/ld+json\" class=\"yoast-schema-graph\">{\"@context\":\"https:\/\/schema.org\",\"@graph\":[{\"@type\":\"WebPage\",\"@id\":\"https:\/\/srilankatravelpages.com\/kolonna\/\",\"url\":\"https:\/\/srilankatravelpages.com\/kolonna\/\",\"name\":\"Kolonna\",\"isPartOf\":{\"@id\":\"https:\/\/srilankatravelpages.com\/ja\/#website\"},\"primaryImageOfPage\":{\"@id\":\"https:\/\/srilankatravelpages.com\/kolonna\/#primaryimage\"},\"image\":{\"@id\":\"https:\/\/srilankatravelpages.com\/kolonna\/#primaryimage\"},\"thumbnailUrl\":\"https:\/\/srilankatravelpages.com\/wp-content\/uploads\/2024\/02\/Kolonna.jpg\",\"datePublished\":\"2024-03-22T10:54:56+00:00\",\"description\":\"Explore the enchanting town of Kolonna in Ratnapura District, a serene gateway near the Sinharaja Forest known for its rich gem mining and tea plantations. Learn how to reach this untouched paradise with our travel guide.\",\"breadcrumb\":{\"@id\":\"https:\/\/srilankatravelpages.com\/kolonna\/#breadcrumb\"},\"inLanguage\":\"pl-PL\",\"potentialAction\":[{\"@type\":\"ReadAction\",\"target\":[\"https:\/\/srilankatravelpages.com\/kolonna\/\"]}]},{\"@type\":\"ImageObject\",\"inLanguage\":\"pl-PL\",\"@id\":\"https:\/\/srilankatravelpages.com\/kolonna\/#primaryimage\",\"url\":\"https:\/\/srilankatravelpages.com\/wp-content\/uploads\/2024\/02\/Kolonna.jpg\",\"contentUrl\":\"https:\/\/srilankatravelpages.com\/wp-content\/uploads\/2024\/02\/Kolonna.jpg\",\"width\":1280,\"height\":720,\"caption\":\"Kolonna\"},{\"@type\":\"BreadcrumbList\",\"@id\":\"https:\/\/srilankatravelpages.com\/kolonna\/#breadcrumb\",\"itemListElement\":[{\"@type\":\"ListItem\",\"position\":1,\"name\":\"Home\",\"item\":\"https:\/\/srilankatravelpages.com\/ja\/\"},{\"@type\":\"ListItem\",\"position\":2,\"name\":\"Kolonna\"}]},{\"@type\":\"WebSite\",\"@id\":\"https:\/\/srilankatravelpages.com\/ja\/#website\",\"url\":\"https:\/\/srilankatravelpages.com\/ja\/\",\"name\":\"Top Rated Tourist Attraction Places in Sri Lanka | Sri Lanka Travel Pages\",\"description\":\"Top Rated Tourist Attraction Places in Sri Lanka\",\"potentialAction\":[{\"@type\":\"SearchAction\",\"target\":{\"@type\":\"EntryPoint\",\"urlTemplate\":\"https:\/\/srilankatravelpages.com\/ja\/?s={search_term_string}\"},\"query-input\":{\"@type\":\"PropertyValueSpecification\",\"valueRequired\":true,\"valueName\":\"search_term_string\"}}],\"inLanguage\":\"pl-PL\"}]}<\/script>\n<!-- \/ Yoast SEO Premium plugin. -->","yoast_head_json":{"title":"Kolonna","description":"Odkryj urokliwe miasteczko Kolonna w dystrykcie Ratnapura, spokojn\u0105 bram\u0119 w pobli\u017cu lasu Sinharaja, znanego z bogatego wydobycia kamieni szlachetnych i plantacji herbaty. Dowiedz si\u0119, jak dotrze\u0107 do tego dziewiczego raju z naszym przewodnikiem turystycznym.","robots":{"index":"index","follow":"follow","max-snippet":"max-snippet:-1","max-image-preview":"max-image-preview:large","max-video-preview":"max-video-preview:-1"},"canonical":"https:\/\/srilankatravelpages.com\/pl\/kolumna\/","og_locale":"pl_PL","og_type":"article","og_title":"Kolonna","og_description":"Explore the enchanting town of Kolonna in Ratnapura District, a serene gateway near the Sinharaja Forest known for its rich gem mining and tea plantations. Learn how to reach this untouched paradise with our travel guide.","og_url":"https:\/\/srilankatravelpages.com\/pl\/kolumna\/","og_site_name":"Top Rated Tourist Attraction Places in Sri Lanka | Sri Lanka Travel Pages","og_image":[{"width":1280,"height":720,"url":"https:\/\/srilankatravelpages.com\/wp-content\/uploads\/2024\/02\/Kolonna.jpg","type":"image\/jpeg"}],"twitter_card":"summary_large_image","twitter_misc":{"Szacowany czas czytania":"4 minuty"},"schema":{"@context":"https:\/\/schema.org","@graph":[{"@type":"WebPage","@id":"https:\/\/srilankatravelpages.com\/kolonna\/","url":"https:\/\/srilankatravelpages.com\/kolonna\/","name":"Kolonna","isPartOf":{"@id":"https:\/\/srilankatravelpages.com\/ja\/#website"},"primaryImageOfPage":{"@id":"https:\/\/srilankatravelpages.com\/kolonna\/#primaryimage"},"image":{"@id":"https:\/\/srilankatravelpages.com\/kolonna\/#primaryimage"},"thumbnailUrl":"https:\/\/srilankatravelpages.com\/wp-content\/uploads\/2024\/02\/Kolonna.jpg","datePublished":"2024-03-22T10:54:56+00:00","description":"Odkryj urokliwe miasteczko Kolonna w dystrykcie Ratnapura, spokojn\u0105 bram\u0119 w pobli\u017cu lasu Sinharaja, znanego z bogatego wydobycia kamieni szlachetnych i plantacji herbaty. Dowiedz si\u0119, jak dotrze\u0107 do tego dziewiczego raju z naszym przewodnikiem turystycznym.","breadcrumb":{"@id":"https:\/\/srilankatravelpages.com\/kolonna\/#breadcrumb"},"inLanguage":"pl-PL","potentialAction":[{"@type":"ReadAction","target":["https:\/\/srilankatravelpages.com\/kolonna\/"]}]},{"@type":"ImageObject","inLanguage":"pl-PL","@id":"https:\/\/srilankatravelpages.com\/kolonna\/#primaryimage","url":"https:\/\/srilankatravelpages.com\/wp-content\/uploads\/2024\/02\/Kolonna.jpg","contentUrl":"https:\/\/srilankatravelpages.com\/wp-content\/uploads\/2024\/02\/Kolonna.jpg","width":1280,"height":720,"caption":"Kolonna"},{"@type":"BreadcrumbList","@id":"https:\/\/srilankatravelpages.com\/kolonna\/#breadcrumb","itemListElement":[{"@type":"ListItem","position":1,"name":"Home","item":"https:\/\/srilankatravelpages.com\/ja\/"},{"@type":"ListItem","position":2,"name":"Kolonna"}]},{"@type":"WebSite","@id":"https:\/\/srilankatravelpages.com\/ja\/#website","url":"https:\/\/srilankatravelpages.com\/ja\/","name":"Najwy\u017cej oceniane atrakcje turystyczne na Sri Lance | Strony z podr\u00f3\u017cami po Sri Lance","description":"Najwy\u017cej oceniane atrakcje turystyczne na Sri Lance","potentialAction":[{"@type":"SearchAction","target":{"@type":"EntryPoint","urlTemplate":"https:\/\/srilankatravelpages.com\/ja\/?s={search_term_string}"},"query-input":{"@type":"PropertyValueSpecification","valueRequired":true,"valueName":"search_term_string"}}],"inLanguage":"pl-PL"}]}},"_links":{"self":[{"href":"https:\/\/srilankatravelpages.com\/pl\/wp-json\/wp\/v2\/pages\/19049","targetHints":{"allow":["GET"]}}],"collection":[{"href":"https:\/\/srilankatravelpages.com\/pl\/wp-json\/wp\/v2\/pages"}],"about":[{"href":"https:\/\/srilankatravelpages.com\/pl\/wp-json\/wp\/v2\/types\/page"}],"author":[{"embeddable":true,"href":"https:\/\/srilankatravelpages.com\/pl\/wp-json\/wp\/v2\/users\/1"}],"replies":[{"embeddable":true,"href":"https:\/\/srilankatravelpages.com\/pl\/wp-json\/wp\/v2\/comments?post=19049"}],"version-history":[{"count":0,"href":"https:\/\/srilankatravelpages.com\/pl\/wp-json\/wp\/v2\/pages\/19049\/revisions"}],"wp:featuredmedia":[{"embeddable":true,"href":"https:\/\/srilankatravelpages.com\/pl\/wp-json\/wp\/v2\/media\/19050"}],"wp:attachment":[{"href":"https:\/\/srilankatravelpages.com\/pl\/wp-json\/wp\/v2\/media?parent=19049"}],"curies":[{"name":"wp","href":"https:\/\/api.w.org\/{rel}","templated":true}]}}