{"id":8906,"date":"2024-03-22T16:39:44","date_gmt":"2024-03-22T11:09:44","guid":{"rendered":"https:\/\/srilankatravelpages.com\/?page_id=8906"},"modified":"2022-12-12T09:13:06","modified_gmt":"2022-12-12T03:43:06","slug":"szukam-wypozyczalni-tuk-tukow-na-sri-lance","status":"publish","type":"page","link":"https:\/\/srilankatravelpages.com\/pl\/szukam-wypozyczalni-tuk-tukow-na-sri-lance\/","title":{"rendered":"Szukasz wypo\u017cyczalni tuk-tuk\u00f3w na Sri Lance?"},"content":{"rendered":"","protected":false},"excerpt":{"rendered":"","protected":false},"author":1,"featured_media":0,"parent":0,"menu_order":0,"comment_status":"closed","ping_status":"closed","template":"","meta":{"_acf_changed":false,"footnotes":""},"class_list":["post-8906","page","type-page","status-publish","hentry"],"acf":[],"yoast_head":"<!-- This site is optimized with the Yoast SEO Premium plugin v26.9 (Yoast SEO v26.9) - https:\/\/yoast.com\/product\/yoast-seo-premium-wordpress\/ -->\n<title>Looking For A Tuk Tuk Rental In Sri Lanka - Top Rated Tourist Attraction Places in Sri Lanka | Sri Lanka Travel Pages<\/title>\n<meta name=\"description\" content=\"tuktukrental.com is the best choice for tuk-tuk rental in sri lanka. Not just that, use the coupon code and get 5% off on your next booking.\" \/>\n<meta name=\"robots\" content=\"index, follow, max-snippet:-1, max-image-preview:large, max-video-preview:-1\" \/>\n<link rel=\"canonical\" href=\"https:\/\/srilankatravelpages.com\/pl\/szukam-wypozyczalni-tuk-tukow-na-sri-lance\/\" \/>\n<meta property=\"og:locale\" content=\"pl_PL\" \/>\n<meta property=\"og:type\" content=\"article\" \/>\n<meta property=\"og:title\" content=\"Looking For A Tuk Tuk Rental In Sri Lanka\" \/>\n<meta property=\"og:description\" content=\"tuktukrental.com is the best choice for tuk-tuk rental in sri lanka. Not just that, use the coupon code and get 5% off on your next booking.\" \/>\n<meta property=\"og:url\" content=\"https:\/\/srilankatravelpages.com\/pl\/szukam-wypozyczalni-tuk-tukow-na-sri-lance\/\" \/>\n<meta property=\"og:site_name\" content=\"Top Rated Tourist Attraction Places in Sri Lanka | Sri Lanka Travel Pages\" \/>\n<meta property=\"og:image\" content=\"https:\/\/srilankatravelpages.com\/wp-content\/uploads\/2022\/12\/tuk-tuk-rental-Sri-lanka.jpg\" \/>\n\t<meta property=\"og:image:width\" content=\"494\" \/>\n\t<meta property=\"og:image:height\" content=\"270\" \/>\n\t<meta property=\"og:image:type\" content=\"image\/jpeg\" \/>\n<meta name=\"twitter:card\" content=\"summary_large_image\" \/>\n<meta name=\"twitter:label1\" content=\"Szacowany czas czytania\" \/>\n\t<meta name=\"twitter:data1\" content=\"1 minuta\" \/>\n<script type=\"application\/ld+json\" class=\"yoast-schema-graph\">{\"@context\":\"https:\/\/schema.org\",\"@graph\":[{\"@type\":\"WebPage\",\"@id\":\"https:\/\/srilankatravelpages.com\/looking-for-a-tuk-tuk-rental-in-sri-lanka\/\",\"url\":\"https:\/\/srilankatravelpages.com\/looking-for-a-tuk-tuk-rental-in-sri-lanka\/\",\"name\":\"Looking For A Tuk Tuk Rental In Sri Lanka - Top Rated Tourist Attraction Places in Sri Lanka | Sri Lanka Travel Pages\",\"isPartOf\":{\"@id\":\"https:\/\/srilankatravelpages.com\/ja\/#website\"},\"primaryImageOfPage\":{\"@id\":\"https:\/\/srilankatravelpages.com\/looking-for-a-tuk-tuk-rental-in-sri-lanka\/#primaryimage\"},\"image\":{\"@id\":\"https:\/\/srilankatravelpages.com\/looking-for-a-tuk-tuk-rental-in-sri-lanka\/#primaryimage\"},\"thumbnailUrl\":\"https:\/\/srilankatravelpages.com\/wp-content\/uploads\/2022\/12\/tuk-tuk-rental-Sri-lanka.jpg\",\"datePublished\":\"2024-03-22T11:09:44+00:00\",\"description\":\"tuktukrental.com is the best choice for tuk-tuk rental in sri lanka. Not just that, use the coupon code and get 5% off on your next booking.\",\"breadcrumb\":{\"@id\":\"https:\/\/srilankatravelpages.com\/looking-for-a-tuk-tuk-rental-in-sri-lanka\/#breadcrumb\"},\"inLanguage\":\"pl-PL\",\"potentialAction\":[{\"@type\":\"ReadAction\",\"target\":[\"https:\/\/srilankatravelpages.com\/looking-for-a-tuk-tuk-rental-in-sri-lanka\/\"]}]},{\"@type\":\"ImageObject\",\"inLanguage\":\"pl-PL\",\"@id\":\"https:\/\/srilankatravelpages.com\/looking-for-a-tuk-tuk-rental-in-sri-lanka\/#primaryimage\",\"url\":\"https:\/\/srilankatravelpages.com\/wp-content\/uploads\/2022\/12\/tuk-tuk-rental-Sri-lanka.jpg\",\"contentUrl\":\"https:\/\/srilankatravelpages.com\/wp-content\/uploads\/2022\/12\/tuk-tuk-rental-Sri-lanka.jpg\"},{\"@type\":\"BreadcrumbList\",\"@id\":\"https:\/\/srilankatravelpages.com\/looking-for-a-tuk-tuk-rental-in-sri-lanka\/#breadcrumb\",\"itemListElement\":[{\"@type\":\"ListItem\",\"position\":1,\"name\":\"Home\",\"item\":\"https:\/\/srilankatravelpages.com\/ja\/\"},{\"@type\":\"ListItem\",\"position\":2,\"name\":\"Looking For A Tuk Tuk Rental In Sri Lanka\"}]},{\"@type\":\"WebSite\",\"@id\":\"https:\/\/srilankatravelpages.com\/ja\/#website\",\"url\":\"https:\/\/srilankatravelpages.com\/ja\/\",\"name\":\"Top Rated Tourist Attraction Places in Sri Lanka | Sri Lanka Travel Pages\",\"description\":\"Top Rated Tourist Attraction Places in Sri Lanka\",\"potentialAction\":[{\"@type\":\"SearchAction\",\"target\":{\"@type\":\"EntryPoint\",\"urlTemplate\":\"https:\/\/srilankatravelpages.com\/ja\/?s={search_term_string}\"},\"query-input\":{\"@type\":\"PropertyValueSpecification\",\"valueRequired\":true,\"valueName\":\"search_term_string\"}}],\"inLanguage\":\"pl-PL\"}]}<\/script>\n<!-- \/ Yoast SEO Premium plugin. -->","yoast_head_json":{"title":"Szukasz wypo\u017cyczalni tuk-tuk\u00f3w na Sri Lance? Najwy\u017cej oceniane atrakcje turystyczne na Sri Lance | Strony podr\u00f3\u017cy po Sri Lance","description":"tuktukrental.com to najlepszy wyb\u00f3r, je\u015bli chodzi o wynajem tuk-tuka na Sri Lance. Co wi\u0119cej, skorzystaj z kodu rabatowego i uzyskaj zni\u017ck\u0119 5% na kolejn\u0105 rezerwacj\u0119.","robots":{"index":"index","follow":"follow","max-snippet":"max-snippet:-1","max-image-preview":"max-image-preview:large","max-video-preview":"max-video-preview:-1"},"canonical":"https:\/\/srilankatravelpages.com\/pl\/szukam-wypozyczalni-tuk-tukow-na-sri-lance\/","og_locale":"pl_PL","og_type":"article","og_title":"Looking For A Tuk Tuk Rental In Sri Lanka","og_description":"tuktukrental.com is the best choice for tuk-tuk rental in sri lanka. Not just that, use the coupon code and get 5% off on your next booking.","og_url":"https:\/\/srilankatravelpages.com\/pl\/szukam-wypozyczalni-tuk-tukow-na-sri-lance\/","og_site_name":"Top Rated Tourist Attraction Places in Sri Lanka | Sri Lanka Travel Pages","og_image":[{"width":494,"height":270,"url":"https:\/\/srilankatravelpages.com\/wp-content\/uploads\/2022\/12\/tuk-tuk-rental-Sri-lanka.jpg","type":"image\/jpeg"}],"twitter_card":"summary_large_image","twitter_misc":{"Szacowany czas czytania":"1 minuta"},"schema":{"@context":"https:\/\/schema.org","@graph":[{"@type":"WebPage","@id":"https:\/\/srilankatravelpages.com\/looking-for-a-tuk-tuk-rental-in-sri-lanka\/","url":"https:\/\/srilankatravelpages.com\/looking-for-a-tuk-tuk-rental-in-sri-lanka\/","name":"Szukasz wypo\u017cyczalni tuk-tuk\u00f3w na Sri Lance? Najwy\u017cej oceniane atrakcje turystyczne na Sri Lance | Strony podr\u00f3\u017cy po Sri Lance","isPartOf":{"@id":"https:\/\/srilankatravelpages.com\/ja\/#website"},"primaryImageOfPage":{"@id":"https:\/\/srilankatravelpages.com\/looking-for-a-tuk-tuk-rental-in-sri-lanka\/#primaryimage"},"image":{"@id":"https:\/\/srilankatravelpages.com\/looking-for-a-tuk-tuk-rental-in-sri-lanka\/#primaryimage"},"thumbnailUrl":"https:\/\/srilankatravelpages.com\/wp-content\/uploads\/2022\/12\/tuk-tuk-rental-Sri-lanka.jpg","datePublished":"2024-03-22T11:09:44+00:00","description":"tuktukrental.com to najlepszy wyb\u00f3r, je\u015bli chodzi o wynajem tuk-tuka na Sri Lance. Co wi\u0119cej, skorzystaj z kodu rabatowego i uzyskaj zni\u017ck\u0119 5% na kolejn\u0105 rezerwacj\u0119.","breadcrumb":{"@id":"https:\/\/srilankatravelpages.com\/looking-for-a-tuk-tuk-rental-in-sri-lanka\/#breadcrumb"},"inLanguage":"pl-PL","potentialAction":[{"@type":"ReadAction","target":["https:\/\/srilankatravelpages.com\/looking-for-a-tuk-tuk-rental-in-sri-lanka\/"]}]},{"@type":"ImageObject","inLanguage":"pl-PL","@id":"https:\/\/srilankatravelpages.com\/looking-for-a-tuk-tuk-rental-in-sri-lanka\/#primaryimage","url":"https:\/\/srilankatravelpages.com\/wp-content\/uploads\/2022\/12\/tuk-tuk-rental-Sri-lanka.jpg","contentUrl":"https:\/\/srilankatravelpages.com\/wp-content\/uploads\/2022\/12\/tuk-tuk-rental-Sri-lanka.jpg"},{"@type":"BreadcrumbList","@id":"https:\/\/srilankatravelpages.com\/looking-for-a-tuk-tuk-rental-in-sri-lanka\/#breadcrumb","itemListElement":[{"@type":"ListItem","position":1,"name":"Home","item":"https:\/\/srilankatravelpages.com\/ja\/"},{"@type":"ListItem","position":2,"name":"Looking For A Tuk Tuk Rental In Sri Lanka"}]},{"@type":"WebSite","@id":"https:\/\/srilankatravelpages.com\/ja\/#website","url":"https:\/\/srilankatravelpages.com\/ja\/","name":"Najwy\u017cej oceniane atrakcje turystyczne na Sri Lance | Strony z podr\u00f3\u017cami po Sri Lance","description":"Najwy\u017cej oceniane atrakcje turystyczne na Sri Lance","potentialAction":[{"@type":"SearchAction","target":{"@type":"EntryPoint","urlTemplate":"https:\/\/srilankatravelpages.com\/ja\/?s={search_term_string}"},"query-input":{"@type":"PropertyValueSpecification","valueRequired":true,"valueName":"search_term_string"}}],"inLanguage":"pl-PL"}]}},"_links":{"self":[{"href":"https:\/\/srilankatravelpages.com\/pl\/wp-json\/wp\/v2\/pages\/8906","targetHints":{"allow":["GET"]}}],"collection":[{"href":"https:\/\/srilankatravelpages.com\/pl\/wp-json\/wp\/v2\/pages"}],"about":[{"href":"https:\/\/srilankatravelpages.com\/pl\/wp-json\/wp\/v2\/types\/page"}],"author":[{"embeddable":true,"href":"https:\/\/srilankatravelpages.com\/pl\/wp-json\/wp\/v2\/users\/1"}],"replies":[{"embeddable":true,"href":"https:\/\/srilankatravelpages.com\/pl\/wp-json\/wp\/v2\/comments?post=8906"}],"version-history":[{"count":0,"href":"https:\/\/srilankatravelpages.com\/pl\/wp-json\/wp\/v2\/pages\/8906\/revisions"}],"wp:attachment":[{"href":"https:\/\/srilankatravelpages.com\/pl\/wp-json\/wp\/v2\/media?parent=8906"}],"curies":[{"name":"wp","href":"https:\/\/api.w.org\/{rel}","templated":true}]}}